{"id":3205,"date":"2020-10-12T09:45:53","date_gmt":"2020-10-12T09:45:53","guid":{"rendered":"https:\/\/holzereck.com\/?page_id=3205"},"modified":"2026-03-02T16:07:57","modified_gmt":"2026-03-02T16:07:57","slug":"preise-2021-2022","status":"publish","type":"page","link":"https:\/\/www.holzereck.com\/?page_id=3205&lang=de","title":{"rendered":"Preise 2026"},"content":{"rendered":"<table width=\"760\">\n<tbody>\n<tr>\n<td width=\"103\">&nbsp;<\/td>\n<td width=\"46\">&nbsp;<\/td>\n<td width=\"109\"><strong>Endreinigung<\/strong><\/td>\n<td width=\"135\"><strong>Winter Hochsaison<\/strong><\/td>\n<td width=\"112\"><strong>Sommer<\/strong><\/td>\n<td width=\"146\"><strong>Winter Zwischensaison<\/strong><\/td>\n<td width=\"109\"><strong>Nachsaison<\/strong><\/td>\n<\/tr>\n<tr>\n<td><strong>Erdgeschoss<\/strong><\/td>\n<td>&nbsp;<\/td>\n<td>&nbsp;<\/td>\n<td>&nbsp;<\/td>\n<td>&nbsp;<\/td>\n<td>&nbsp;<\/td>\n<td>&nbsp;<\/td>\n<\/tr>\n<tr>\n<td>&nbsp;<\/td>\n<td>&nbsp;<\/td>\n<td>&nbsp;<\/td>\n<td>&nbsp;<\/td>\n<td>&nbsp;<\/td>\n<td>&nbsp;<\/td>\n<td>&nbsp;<\/td>\n<\/tr>\n<tr>\n<td>Marienberg<\/td>\n<td>45m\u00b2<\/td>\n<td>55 Euro<\/td>\n<td>150 Euro\/Nacht<\/td>\n<td>120 Euro\/Nacht<\/td>\n<td>135 Euro\/Nacht<\/td>\n<td>100 Euro\/Nacht<\/td>\n<\/tr>\n<tr>\n<td><strong>1. Stock<\/strong><\/td>\n<td>&nbsp;<\/td>\n<td>&nbsp;<\/td>\n<td>&nbsp;<\/td>\n<td>&nbsp;<\/td>\n<td>&nbsp;<\/td>\n<td>&nbsp;<\/td>\n<\/tr>\n<tr>\n<td>Wetterstein<\/td>\n<td>55m\u00b2<\/td>\n<td>65 Euro<\/td>\n<td>170 Euro\/Nacht<\/td>\n<td>140 Euro\/Nacht<\/td>\n<td>150 Euro\/Nacht<\/td>\n<td>120 Euro\/Nacht<\/td>\n<\/tr>\n<tr>\n<td>Daniel<\/td>\n<td>36m\u00b2<\/td>\n<td>50 Euro<\/td>\n<td>135 Euro\/Nacht<\/td>\n<td>110 Euro\/Nacht<\/td>\n<td>120 Euro\/Nacht<\/td>\n<td>90 Euro\/Nacht<\/td>\n<\/tr>\n<tr>\n<td>Zugspitz (2p)<\/td>\n<td>18m\u00b2<\/td>\n<td>30 Euro<\/td>\n<td>100 Euro\/Nacht<\/td>\n<td>85 Euro\/Nacht<\/td>\n<td>92 Euro\/Nacht<\/td>\n<td>70 Euro\/Nacht<\/td>\n<\/tr>\n<tr>\n<td>Zugspitz (1p)<\/td>\n<td>18m\u00b2<\/td>\n<td>30 Euro<\/td>\n<td>90 Euro\/Nacht<\/td>\n<td>75 Euro\/Nacht<\/td>\n<td>82 Euro\/Nacht<\/td>\n<td>60 Euro\/Nacht<\/td>\n<\/tr>\n<tr>\n<td><strong>2. Stock<\/strong><\/td>\n<td>&nbsp;<\/td>\n<td>&nbsp;<\/td>\n<td>&nbsp;<\/td>\n<td>&nbsp;<\/td>\n<td>&nbsp;<\/td>\n<td>&nbsp;<\/td>\n<\/tr>\n<tr>\n<td>Sonnenspitz<\/td>\n<td>40m\u00b2<\/td>\n<td>50 Euro<\/td>\n<td>140 Euro\/Nacht<\/td>\n<td>110 Euro\/Nacht<\/td>\n<td>125 Euro\/Nacht<\/td>\n<td>90 Euro\/Nacht<\/td>\n<\/tr>\n<tr>\n<td>Grubigstein<\/td>\n<td>40m\u00b2<\/td>\n<td>50 Euro<\/td>\n<td>140 Euro\/Nacht<\/td>\n<td>110 Euro\/Nacht<\/td>\n<td>125 Euro\/Nacht<\/td>\n<td>90 Euro\/Nacht<\/td>\n<\/tr>\n<\/tbody>\n<\/table>\n<p>&nbsp;<\/p>\n<p><strong>Die Preise verstehen sich ohne Verpflegung pro Apartment\/Nacht f\u00fcr 2 Personen, sofern nicht anders angegeben.<\/strong><\/p>\n<p><strong>Jede weitere Person kostet 19 Euro\/Nacht.<\/strong><\/p>\n<p><strong>Die angef\u00fchrten Preise verstehen sich exklusiv 3 Euro Ortstaxe pro Person\/Tag (ab 15 Jahren) und einmalige Endreinigungsgeb\u00fchr laut Preisliste.<\/strong><\/p>\n<p><strong>Bettw\u00e4sche, Handt\u00fccher und K\u00fcchent\u00fccher sind inklusiv. Einen extra Handtuchwechsel ist gegen Aufpreis m\u00f6glich.<br \/>\n<\/strong><\/p>\n<ul>\n<li>Winter Hochsaison:&nbsp; 19\/12\/2025-06\/01\/2026, 07\/02\/2026-01\/03\/2026<\/li>\n<li>Sommer: 19\/06\/2026-06\/09\/2026<\/li>\n<li>Winter Zwischensaison: 12\/12\/2025-18\/12\/2025, 07\/01\/2026-06\/02\/2026, 02\/03\/2026-19\/04\/2026<\/li>\n<li>Nachsaison: 20\/04\/2026-18\/06\/2026 en 07\/09\/2026-10\/12\/2026<\/li>\n<\/ul>\n","protected":false},"excerpt":{"rendered":"<p>&nbsp; &nbsp; Endreinigung Winter Hochsaison Sommer Winter Zwischensaison Nachsaison Erdgeschoss &nbsp; &nbsp; &nbsp; &nbsp; &nbsp; &nbsp; &nbsp; &nbsp; &nbsp; &nbsp; &nbsp; &nbsp; &nbsp; Marienberg 45m\u00b2 55 Euro 150 Euro\/Nacht 120 Euro\/Nacht 135 Euro\/Nacht 100 Euro\/Nacht 1. Stock &nbsp; &nbsp; &nbsp; &nbsp; &nbsp; &nbsp; Wetterstein 55m\u00b2 65 Euro 170 Euro\/Nacht 140 Euro\/Nacht 150 Euro\/Nacht 120 Euro\/Nacht &hellip; <\/p>\n<p class=\"link-more\"><a href=\"https:\/\/www.holzereck.com\/?page_id=3205&#038;lang=de\" class=\"more-link\">Lees verder <span class=\"screen-reader-text\">&#8220;Preise 2026&#8221;<\/span><\/a><\/p>\n","protected":false},"author":1,"featured_media":0,"parent":0,"menu_order":0,"comment_status":"closed","ping_status":"closed","template":"","meta":{"ngg_post_thumbnail":0,"footnotes":""},"class_list":["post-3205","page","type-page","status-publish","hentry"],"_links":{"self":[{"href":"https:\/\/www.holzereck.com\/index.php?rest_route=\/wp\/v2\/pages\/3205"}],"collection":[{"href":"https:\/\/www.holzereck.com\/index.php?rest_route=\/wp\/v2\/pages"}],"about":[{"href":"https:\/\/www.holzereck.com\/index.php?rest_route=\/wp\/v2\/types\/page"}],"author":[{"embeddable":true,"href":"https:\/\/www.holzereck.com\/index.php?rest_route=\/wp\/v2\/users\/1"}],"replies":[{"embeddable":true,"href":"https:\/\/www.holzereck.com\/index.php?rest_route=%2Fwp%2Fv2%2Fcomments&post=3205"}],"version-history":[{"count":16,"href":"https:\/\/www.holzereck.com\/index.php?rest_route=\/wp\/v2\/pages\/3205\/revisions"}],"predecessor-version":[{"id":7818,"href":"https:\/\/www.holzereck.com\/index.php?rest_route=\/wp\/v2\/pages\/3205\/revisions\/7818"}],"wp:attachment":[{"href":"https:\/\/www.holzereck.com\/index.php?rest_route=%2Fwp%2Fv2%2Fmedia&parent=3205"}],"curies":[{"name":"wp","href":"https:\/\/api.w.org\/{rel}","templated":true}]}}