{"id":2767,"date":"2020-03-23T10:28:58","date_gmt":"2020-03-23T10:28:58","guid":{"rendered":"https:\/\/holzereck.com\/?page_id=2767"},"modified":"2020-03-23T10:28:58","modified_gmt":"2020-03-23T10:28:58","slug":"privacy-policy","status":"publish","type":"page","link":"https:\/\/www.holzereck.com\/?page_id=2767&lang=en","title":{"rendered":"Privacy policy"},"content":{"rendered":"<p><a href=\"https:\/\/www.holzereck.com\/wp-content\/uploads\/2019\/03\/Datenschutzerkl\u00e4rung-Landhaus-Holzereck-1.pdf\">Datenschutzerkl\u00e4rung Landhaus Holzereck<\/a><\/p>\n<p style=\"text-align: center;\"><strong>Datenschutzerkl\u00e4rung<\/strong><\/p>\n<p>Firma: Landhaus Holzereck \u2013 Sven Peeters<\/p>\n<p>Sitz: Ehrwald, UID ATU72448078<\/p>\n<p><strong>Wir verwenden folgende Daten, wenn Sie mit uns einen Vertrag abschlie\u00dfen.<\/strong><\/p>\n<p><strong>Stammdaten<\/strong>:<\/p>\n<p>Familien- und Vorname, vollst\u00e4ndige Adresse, s\u00e4mtliche Kontaktinformationen (z.B. E-Mail-Adresse, Telefonnummer), Informationen \u00fcber Art und Inhalt unseres Vertragsverh\u00e4ltnisses.<\/p>\n<p><strong>Sonstige personenbezogene Daten<\/strong>, welche Sie oder Dritte uns mit Ihrem Einverst\u00e4ndnis oder sonst zul\u00e4ssigerweise bei der Vertragsanbahnung, w\u00e4hrend des Vertragsverh\u00e4ltnisses (z.B. zur Ausstellung einer G\u00e4stekarte) bzw. zur Erf\u00fcllung gesetzlicher Verpflichtungen zur Verf\u00fcgung stellen:<\/p>\n<p>Geburtsdatum bzw. Alter, Familienstand, Geschlecht, Beruf, Ausweisdaten, Bankverbindung, Zeichnungs- oder Vertretungsbefugnis, Vertragsbindung, K\u00fcndigungs-\/Stornofristen oder weitere Informationen zu Ihrer Person, welche Sie uns selbst bekanntgegeben haben.<\/p>\n<p><strong>Heranziehen von Auftragsverarbeitern<\/strong><\/p>\n<p>Der Schutz Ihrer Daten ist uns wichtig. Selbst wenn wir uns eines Auftragsverarbeiters (Firma Feratel \u2013 G\u00e4steverzeichnis nach \u00a7 19 MeldeV) bedienen, achten wir darauf, dass die Auftragsverarbeitung innerhalb der Europ\u00e4ischen Union erfolgt.<\/p>\n<p>&nbsp;<\/p>\n<p><strong><u>1. Meldedaten<\/u><\/strong><\/p>\n<p><strong>1.1. Meldepflicht<\/strong><\/p>\n<p>Sie sind nach dem \u00f6sterreichischen Meldegesetz verpflichtet, sich bei uns mit den in \u00a7&nbsp;5 und \u00a7&nbsp;10 Meldegesetz genannten Daten anzumelden. Die betrifft folgende Daten:<\/p>\n<p><em>Name, Geburtsdatum, Geschlecht, Staatsangeh\u00f6rigkeit, Herkunftsland, Adresse samt Postleitzahl und \u2013 bei ausl\u00e4ndischen G\u00e4sten \u2013 Art, Nummer, Ausstellungsraum sowie ausstellende Beh\u00f6rde eines Reisedokumentes sowie das Datum der Ankunft und der Abreise.<\/em><\/p>\n<p><strong>1.2. G\u00e4steverzeichnis<\/strong><\/p>\n<p>Wir werden diese Daten aufgrund der uns auferlegten gesetzlichen Verpflichtung gem\u00e4\u00df \u00a7 19 Meldegesetz-Durchf\u00fchrungs-Verordnung in einem G\u00e4steverzeichnis f\u00fchren und f\u00fcr die Dauer von 7 (sieben) Jahren speichern, soweit sie nicht f\u00fcr andere Zwecke, die in dieser Datenschutzerkl\u00e4rung genannt sind, l\u00e4nger verarbeitet werden.<\/p>\n<p>Das G\u00e4steverzeichnis wird von uns elektronisch gef\u00fchrt, wobei wir hiezu die Daten an einen IT-Auftragsverarbeiter weiterleiten. Bei diesem werden die Daten lokal gespeichert. Eine \u00dcbermittlung in ein Drittland erfolgt nicht.<\/p>\n<p><strong>1.3. Weitergabe von Daten<\/strong><\/p>\n<p>Die Datenkategorien \u201eAnkunft\u201c, \u201eAbreise\u201c verkn\u00fcpft mit Herkunftsland werden gem\u00e4\u00df \u00a7 6 Tourismus-Statistik-Verordnung an die Gemeinde, in dem sich unser Beherbergungsbetrieb befindet, weitergeleitet. Dem jeweiligen Tourismusverband [Tiroler Zugspitz Arena], dem wir angeh\u00f6ren, und\/oder der Gemeinde sind auch aggregierte Daten \u00fcber Anzahl der N\u00e4chtigungen insgesamt und der Personen, die zur Zahlung der Aufenthaltsabgabe verpflichtet sind, zu \u00fcbermitteln. Dies geschieht auf Grundlage des \u00a7 9 Tiroler Aufenthalts\u00adabgabegesetz.<\/p>\n<p><strong>1.4. Rechtsgrundlage der Verarbeitungen<\/strong><\/p>\n<p>Die Verarbeitungen gem\u00e4\u00df den obigen Punkten 1.1 bis 1.3 basieren auf Art. 6 Abs. 1 lit. c DSGVO (Erf\u00fcllung rechtlicher Verpflichtung).<\/p>\n<p><strong>1.5. Zus\u00e4tzliche Daten\u00fcbermittlung an TVB\/Gemeinde<\/strong><\/p>\n<p>Zus\u00e4tzlich leiten wir ihre Postleitzahl und ihr Geburtsjahr (in pseudonymisierter bzw. anonymisierter Form) f\u00fcr statistische Zwecke zur Erstellung und Auswertung von Herkunfts- und Alters-Statistiken durch den Tourismusverband an unsere Gemeinde und unseren TVB weiter. Diese Weiterleitung beruht auf Art. 6 Abs. 1 lit e (Aufgabe im \u00f6ffentlichen Interesse) und lit f (\u00fcberwiegende berechtigte Interessen) DSGVO. Sie k\u00f6nnen dagegen jederzeit Widerspruch, aus Gr\u00fcnden, die sich aus ihrer besonderen Situation ergeben (Art. 21 Abs 1 DSGVO), einlegen.<\/p>\n<p><strong><u>2. G\u00e4stekarte<\/u><\/strong><\/p>\n<p><strong>2.1. Allgemeines<\/strong><\/p>\n<p>Sie haben die M\u00f6glichkeit, eine G\u00e4stekarte in Anspruch zu nehmen. Die G\u00e4stekarte gew\u00e4hrt Ihnen Verg\u00fcnstigungen und\/oder Leistungen bei verschiedenen Unternehmen in der Region (z.B. verg\u00fcnstigte Eintritte). Die G\u00e4stekarte ist f\u00fcr den Zeitraum Ihres Aufenthaltes bei uns g\u00fcltig.<\/p>\n<p><strong>2.2.&nbsp; Ausstellen der G\u00e4stekarte<\/strong><\/p>\n<p>Die G\u00e4stekarte wird vom Unterkunftgeber nur auf Ihren Wunsch ausgestellt und ausgegeben. Sie wird je nach dem vom TVB und\/oder dem Beherbergungsbetrieb eingesetztem G\u00e4stekarten-System entweder in Form<\/p>\n<ul>\n<li>einer elektronisch generierten G\u00e4stekarte,<\/li>\n<li>einer h\u00e4ndisch erstellten G\u00e4stekarte oder<\/li>\n<li>des Durchschlages des Meldezettels<\/li>\n<\/ul>\n<p>ausgestellt.<\/p>\n<p><strong>2.3.&nbsp; Verarbeitete personenbezogene Daten<\/strong><\/p>\n<p>Sowohl f\u00fcr die elektronisch generierte als auch die h\u00e4ndisch erstellte G\u00e4stekarte&nbsp; werden folgende personenbezogene Daten, die aus den Meldedaten (siehe oben Punkt 1) ermittelt werden, verarbeitet:<\/p>\n<p>Vorname, Nachname, Geburtsdatum und Dauer des Aufenthalts (Ankunft\/Abreise), Herkunftsland, Postleitzahl.<\/p>\n<p>Wird die G\u00e4stekarte in Form des \u201eMeldezettels\u201c ausgestellt, enth\u00e4lt dieser den Inhalt laut \u00a7 5 iVm \u00a7 9 Meldegesetz (siehe dazu oben Punkt \u201eMeldedaten\u201c 1.1). In diesem Fall erfolgt keine elektronische Verarbeitung zu Zwecken der G\u00e4stekarte.<\/p>\n<p>Bei Verwendung der G\u00e4stekarte werden zus\u00e4tzlich folgende personenbezogenen Daten verarbeitet: Daten \u00fcber den Nutzungszyklus der jeweiligen Karte, Leistungsnutzung, Buchungen, Transaktionslogging, Abrechnungsdaten, Referenz zu den Meldedaten und dem Beherbergungsbetrieb.<\/p>\n<p>Die Daten sind erforderlich, um einerseits eine Identit\u00e4tsfeststellung und andererseits die G\u00fcltigkeitsdauer der G\u00e4stekarte beim jeweiligen Leistungstr\u00e4ger zu ermitteln und um die Abrechnung der Verg\u00fcnstigungen zwischen Leistungserbringern, dem TVB und allenfalls den Beherbergungsbetrieben zu erm\u00f6glichen.<\/p>\n<p><strong>2.4. Rechtsgrundlage der Verarbeitungen<\/strong><\/p>\n<p>Die Verarbeitung der Daten f\u00fcr Zwecke der G\u00e4stekarte erfolgt entweder aufgrund Ihrer Einwilligung (Art. 6 Abs 1 lit a DSGVO) oder, sofern die G\u00e4stekarte Teil der Leistungserbringung im Rahmen des Beherbergungsvertrages ist, zu Zwecken der Vertragserf\u00fcllung (Art. 6 Abs 1 lit b DSGVO).<\/p>\n<p>Eine Einwilligung kann von Ihnen jederzeit m\u00fcndlich gegen\u00fcber dem Unterkunftgeber oder schriftlich an die E-Mail-Adresse [info@holzereck.com] widerrufen werden.<\/p>\n<p><strong>2.5. Betrieb des G\u00e4stekarten-Systems<\/strong><\/p>\n<p>Das G\u00e4stekartensystem wird vom \u00f6rtlichen Tourismusverband (\u201eTVB\u201c) betrieben. Weiters sind \u00f6rtliche Beherbergungsbetriebe und \u00f6rtliche Unternehmen (\u201eLeistungserbringer\u201c) beteiligt.<\/p>\n<p>Die Daten, welche f\u00fcr die G\u00e4stekarte verarbeitet werden, werden nach 48 (vierzigacht) Monaten gel\u00f6scht.<\/p>\n<p><strong>2.6. Empf\u00e4nger der Daten<\/strong><\/p>\n<p>sDie f\u00fcr Zwecke der G\u00e4stekarte verarbeiteten Daten erh\u00e4lt der \u00f6rtliche TVB f\u00fcr Zwecke der Abrechnung gegen\u00fcber den Leistungserbringern und\/oder Beherbergungsbetrieben.<\/p>\n<p>Die einzelnen Leistungserbringer, die aufgrund der G\u00e4stekarte verg\u00fcnstigte Leistungen gew\u00e4hren, erhalten die Daten ebenfalls, soweit Sie diesen Unternehmern gegen\u00fcber die G\u00e4stekarten-Leistungen in Anspruch nehmen.<\/p>\n<p>Sie m\u00fcssen zur Inanspruchnahme von Verg\u00fcnstigungen die jeweilige G\u00e4stekarte, auf welcher die Daten abgebildet sind, dem Leistungserbringer vorweisen und somit selbst offen legen. Der Unternehmer pr\u00fcft sodann, in der Regel durch Ablesen des Barcodes auf der G\u00e4stekarte und durch \u00dcbermittlung der Barcode-Daten an unseren IT-Auftragsverarbeiter, ob diese (noch) g\u00fcltig ist. Dabei werden auch personenbezogene Daten an den Unternehmer \u00fcbermittelt, insbesondere auch Ihre Identit\u00e4tsdaten (zur \u00dcberpr\u00fcfung der Identit\u00e4t und des Geburtsdatums).<\/p>\n<p>Sollte die G\u00e4stekarte in Form des \u201eMeldezettels\u201c ausgestellt sein, pr\u00fcft er die G\u00fcltigkeit anhand des Durchschlages des \u201eMeldezettels\u201c.<\/p>\n<p>&nbsp;<\/p>\n<p><strong>3. Sonstige Verarbeitung Ihrer Daten<\/strong><\/p>\n<p>Grunds\u00e4tzlich verarbeiten wir nur jene Daten, welche f\u00fcr den Vertragsabschluss bzw. f\u00fcr die Vertragserf\u00fcllung unbedingt erforderlich sind. Sofern Sie uns auch eine entsprechende Einwilligung erteilt haben, verarbeiten wir Ihre Daten dahingehend, dass wir Ihnen bis auf Widerruf Informationen \u00fcber unsere Serviceleistungen zukommen lassen. Dabei nutzen wir folgende Kommunikationskan\u00e4le, sofern Sie uns diese genannt haben:<\/p>\n<p>Telefon, E-Mail, SMS, Post oder Social-Media-Kan\u00e4le.<\/p>\n<p>&nbsp;<\/p>\n<p><strong>4. <\/strong><strong>Datenl\u00f6schung<\/strong><\/p>\n<p>Ihre Stammdaten und sonstigen personenbezogenen Daten werden gel\u00f6scht, wenn diese f\u00fcr die Erf\u00fcllung des mit der Speicherung verfolgten Zweckes nicht mehr erforderlich sind \u2013 in der Regel nach 7 (sieben) Jahren \u2013 oder wenn die Speicherung aus gesetzlichen Gr\u00fcnden unzul\u00e4ssig wird.<\/p>\n<p>Anstatt einer L\u00f6schung kann auch eine Anonymisierung der Daten vorgenommen werden, was bedeutet, dass jeglicher Personenbezug unwiederbringlich entfernt wird.<\/p>\n<p>&nbsp;<\/p>\n<p><strong>5. Cookies<\/strong><strong>&nbsp;<\/strong><\/p>\n<p>Unsere Website verwendet so genannte Cookies. Dabei handelt es sich um kleine Textdateien, die mit Hilfe des Browsers auf Ihrem Endger\u00e4t abgelegt werden. Sie richten keinen Schaden an.<\/p>\n<p>Wir nutzen Cookies dazu, unser Angebot nutzerfreundlich zu gestalten. Einige Cookies bleiben auf Ihrem Endger\u00e4t gespeichert, bis Sie diese l\u00f6schen. Sie erm\u00f6glichen es uns, Ihren Browser beim n\u00e4chsten Besuch wiederzuerkennen.<\/p>\n<p>Wenn Sie dies nicht w\u00fcnschen, so k\u00f6nnen Sie Ihren Browser so einrichten, dass er Sie \u00fcber das Setzen von Cookies informiert und Sie dies nur im Einzelfall erlauben.<\/p>\n<p>Bei der Deaktivierung von Cookies kann die Funktionalit\u00e4t unserer Website eingeschr\u00e4nkt sein.<\/p>\n<p>&nbsp;<\/p>\n<p><strong>&nbsp;6.&nbsp;<\/strong><strong>Social Media Plug-Ins <\/strong><\/p>\n<p>Der Betreiber verwendet auf der Website sogenannte \u201eeingebettete\u201c Social-Media- Plug-Ins (Schnittstellen zu sozialen Netzwerken). Beim Besuch der Website stellt das System aufgrund der Einbindung der Plug-Ins automatisch eine Verbindung mit dem jeweiligen sozialen Netzwerk her und \u00fcbertr\u00e4gt Daten (IP-Adresse, Besuch der Website etc.).<\/p>\n<p>Die Daten\u00fcbertragung geschieht ohne das Zutun und au\u00dferhalb der Verantwortung des Betreibers. Der Nutzer kann diese Daten\u00fcbertragung verhindern, indem er sich vor dem Besuch der Website bei den jeweiligen sozialen Netzwerken ausloggt. Nur im \u201eeingeloggten\u201c Zustand kann das soziale Netzwerk spezifische Daten dem Aktivit\u00e4ten-Profil des Nutzers durch automatische Daten\u00fcbertragung zuordnen.<\/p>\n<p>Die automatisch \u00fcbertragenen Daten werden ausschlie\u00dflich von den Betreibern der sozialer Netzwerke genutzt und nicht durch den Betreiber. Weitere Informationen dazu, unter anderem auch zum Inhalt der Datenerhebung durch die sozialen Netz- werke, k\u00f6nnen direkt der Internetseite des entsprechenden sozialen Netzwerks ent- nommen werden. Dort k\u00f6nnen auch die Privatsph\u00e4re-Einstellungen angepasst werden.<\/p>\n<p>Die auf der Website eingebundenen sozialen Netzwerke sind:<\/p>\n<ul>\n<li><strong>Facebook (\u201egef\u00e4llt mir\u201c)<\/strong><\/li>\n<\/ul>\n<p>Facebook Inc., 1601 S California Ave, Palo Alto, CA, 94304, USA<\/p>\n<p>N\u00e4here Informationen unter <strong><a href=\"https:\/\/de-de.facebook.com\/policy.php\">https:\/\/de-de.facebook.com\/policy.php&nbsp; <\/a><\/strong><\/p>\n<p>&nbsp;<\/p>\n<p><strong>7. Folgende Rechte k\u00f6nnen Sie im Hinblick auf die Verarbeitung Ihrer Daten geltend machen:<\/strong><\/p>\n<p><strong>&nbsp;7.1.&nbsp;<\/strong><strong>Auskunftsrecht: <\/strong>Sie haben das Recht von uns zu erfahren, ob und in welchem Ausma\u00df wir Ihre Daten verarbeiten.<\/p>\n<p><strong>&nbsp;Kontakt \/ Verantwortlicher:<\/strong><\/p>\n<p>&nbsp;Emmy Dingenen<\/p>\n<p>+43&nbsp;664 5128 941<\/p>\n<p>info@holzereck.com<\/p>\n<p><strong>7.2. Ihre Rechte<\/strong><\/p>\n<p>Ihnen stehen grunds\u00e4tzlich die Rechte auf Auskunft, Berichtigung, L\u00f6schung, Einschr\u00e4nkung, Daten\u00fcbertragbarkeit, Widerruf und Widerspruch zu. Wenn Sie glauben, dass die Verarbeitung Ihrer Daten gegen das Datenschutzrecht verst\u00f6\u00dft oder Ihre datenschutzrechtlichen Anspr\u00fcche sonst in einer Weise verletzt worden sind, k\u00f6nnen Sie sich bei der Aufsichtsbeh\u00f6rde beschweren. In \u00d6sterreich ist dies die Datenschutzbeh\u00f6rde.<\/p>\n<p><strong>7.3. Beschwerderecht: <\/strong>Verst\u00f6\u00dft Ihres Erachtens die Verarbeitung Ihrer personenbezogenen Daten gegen \u00f6sterreichisches oder europ\u00e4isches Datenschutzrecht, so kontaktieren Sie uns bitte, um allf\u00e4llige Fragen aufkl\u00e4ren zu k\u00f6nnen. Selbstverst\u00e4ndlich haben Sie das Recht, sich bei der \u00f6sterreichischen Datenschutzbeh\u00f6rde oder bei einer Aufsichtsbeh\u00f6rde innerhalb der EU, zu beschweren.<\/p>\n<p>&nbsp;<\/p>\n<p><strong>8. Best\u00e4tigung der Identit\u00e4t:<\/strong><\/p>\n<p>Zum Schutz Ihrer Rechte und Ihrer Privatsph\u00e4re sind wir berechtigt, im Zweifel einen Identit\u00e4tsnachweis anzufordern.<\/p>\n<p>&nbsp;<\/p>\n<p><strong>9. Rechtebeanspruchung \u00fcber Geb\u00fchr:<\/strong><\/p>\n<p>Wenn Sie eines der genannten Rechte offenkundig unbegr\u00fcndet oder besonders h\u00e4ufig einfordern, sind wir berechtigt ein angemessenes Bearbeitungsentgelt zu verlangen oder die Bearbeitung des Antrags abzulehnen.<\/p>\n<p>&nbsp;<\/p>\n<p><strong>10. Pflicht zur Mitwirkung:<\/strong><\/p>\n<p>Im Rahmen von Mitwirkungspflichten sind wir verpflichtet, Daten entsprechend den gesetzlichen Bestimmungen (z.B. BAO, Meldegesetz, ZPO, StPO, \u2026) auf Anforderung herauszugeben.<\/p>\n<p>&nbsp;<\/p>\n<p><strong>&nbsp;11.&nbsp;<\/strong><strong>Geltungsdauer:<\/strong><\/p>\n<p>Diese Datenschutzerkl\u00e4rung gilt ab 25. Mai 2018 und ersetzt die bestehenden Datenschutzbe\u00adstimmungen.<\/p>\n","protected":false},"excerpt":{"rendered":"<p>Datenschutzerkl\u00e4rung Landhaus Holzereck Datenschutzerkl\u00e4rung Firma: Landhaus Holzereck \u2013 Sven Peeters Sitz: Ehrwald, UID ATU72448078 Wir verwenden folgende Daten, wenn Sie mit uns einen Vertrag abschlie\u00dfen. Stammdaten: Familien- und Vorname, vollst\u00e4ndige Adresse, s\u00e4mtliche Kontaktinformationen (z.B. E-Mail-Adresse, Telefonnummer), Informationen \u00fcber Art und Inhalt unseres Vertragsverh\u00e4ltnisses. Sonstige personenbezogene Daten, welche Sie oder Dritte uns mit Ihrem Einverst\u00e4ndnis oder &hellip; <\/p>\n<p class=\"link-more\"><a href=\"https:\/\/www.holzereck.com\/?page_id=2767&#038;lang=en\" class=\"more-link\">Lees verder <span class=\"screen-reader-text\">&#8220;Privacy policy&#8221;<\/span><\/a><\/p>\n","protected":false},"author":1,"featured_media":0,"parent":0,"menu_order":0,"comment_status":"closed","ping_status":"closed","template":"","meta":{"ngg_post_thumbnail":0,"footnotes":""},"class_list":["post-2767","page","type-page","status-publish","hentry"],"_links":{"self":[{"href":"https:\/\/www.holzereck.com\/index.php?rest_route=\/wp\/v2\/pages\/2767"}],"collection":[{"href":"https:\/\/www.holzereck.com\/index.php?rest_route=\/wp\/v2\/pages"}],"about":[{"href":"https:\/\/www.holzereck.com\/index.php?rest_route=\/wp\/v2\/types\/page"}],"author":[{"embeddable":true,"href":"https:\/\/www.holzereck.com\/index.php?rest_route=\/wp\/v2\/users\/1"}],"replies":[{"embeddable":true,"href":"https:\/\/www.holzereck.com\/index.php?rest_route=%2Fwp%2Fv2%2Fcomments&post=2767"}],"version-history":[{"count":2,"href":"https:\/\/www.holzereck.com\/index.php?rest_route=\/wp\/v2\/pages\/2767\/revisions"}],"predecessor-version":[{"id":2770,"href":"https:\/\/www.holzereck.com\/index.php?rest_route=\/wp\/v2\/pages\/2767\/revisions\/2770"}],"wp:attachment":[{"href":"https:\/\/www.holzereck.com\/index.php?rest_route=%2Fwp%2Fv2%2Fmedia&parent=2767"}],"curies":[{"name":"wp","href":"https:\/\/api.w.org\/{rel}","templated":true}]}}