{"id":2456,"date":"2020-02-27T16:17:06","date_gmt":"2020-02-27T16:17:06","guid":{"rendered":"https:\/\/holzereck.com\/?page_id=2456"},"modified":"2022-04-08T06:31:42","modified_gmt":"2022-04-08T06:31:42","slug":"grubigstein-2-4-pers","status":"publish","type":"page","link":"https:\/\/www.holzereck.com\/?page_id=2456&lang=de","title":{"rendered":"Grubigstein (2-4 Pers)"},"content":{"rendered":"<p>40m\u00b2<\/p>\n<p>Sehr gem\u00fctliche Dachwohnung mit grossem Balkon im 2. Stock.<\/p>\n<p>Ausstattung:<\/p>\n<p>Diele, K\u00fcche mit Geschirrsp\u00fcler, Wohnzimmer mit Essbereich und Doppelschlafcouch, Schlafzimmer mit Doppelbett, Badezimmer mit Badewanne\/Dusche, Waschbecken, F\u00f6hn und WC.<\/p>\n<div id='gallery-1' class='gallery galleryid-2456 gallery-columns-3 gallery-size-thumbnail'><figure class='gallery-item'>\n\t\t\t<div class='gallery-icon landscape'>\n\t\t\t\t<a href='https:\/\/www.holzereck.com\/wp-content\/uploads\/2022\/04\/IMG_7489-2.jpg' rel=\"lightbox[2456]\"><img loading=\"lazy\" decoding=\"async\" width=\"150\" height=\"150\" src=\"https:\/\/www.holzereck.com\/wp-content\/uploads\/2022\/04\/IMG_7489-2-150x150.jpg\" class=\"attachment-thumbnail size-thumbnail\" alt=\"\" srcset=\"https:\/\/www.holzereck.com\/wp-content\/uploads\/2022\/04\/IMG_7489-2-150x150.jpg 150w, https:\/\/www.holzereck.com\/wp-content\/uploads\/2022\/04\/IMG_7489-2-100x100.jpg 100w\" sizes=\"100vw\" \/><\/a>\n\t\t\t<\/div><\/figure><figure class='gallery-item'>\n\t\t\t<div class='gallery-icon landscape'>\n\t\t\t\t<a href='https:\/\/www.holzereck.com\/wp-content\/uploads\/2022\/04\/IMG_7491-2.jpg' rel=\"lightbox[2456]\"><img loading=\"lazy\" decoding=\"async\" width=\"150\" height=\"150\" src=\"https:\/\/www.holzereck.com\/wp-content\/uploads\/2022\/04\/IMG_7491-2-150x150.jpg\" class=\"attachment-thumbnail size-thumbnail\" alt=\"\" srcset=\"https:\/\/www.holzereck.com\/wp-content\/uploads\/2022\/04\/IMG_7491-2-150x150.jpg 150w, https:\/\/www.holzereck.com\/wp-content\/uploads\/2022\/04\/IMG_7491-2-100x100.jpg 100w\" sizes=\"100vw\" \/><\/a>\n\t\t\t<\/div><\/figure><figure class='gallery-item'>\n\t\t\t<div class='gallery-icon landscape'>\n\t\t\t\t<a href='https:\/\/www.holzereck.com\/wp-content\/uploads\/2020\/04\/IMG_4184-2.jpg' rel=\"lightbox[2456]\"><img loading=\"lazy\" decoding=\"async\" width=\"150\" height=\"150\" src=\"https:\/\/www.holzereck.com\/wp-content\/uploads\/2020\/04\/IMG_4184-2-150x150.jpg\" class=\"attachment-thumbnail size-thumbnail\" alt=\"\" srcset=\"https:\/\/www.holzereck.com\/wp-content\/uploads\/2020\/04\/IMG_4184-2-150x150.jpg 150w, https:\/\/www.holzereck.com\/wp-content\/uploads\/2020\/04\/IMG_4184-2-100x100.jpg 100w\" sizes=\"100vw\" \/><\/a>\n\t\t\t<\/div><\/figure><figure class='gallery-item'>\n\t\t\t<div class='gallery-icon landscape'>\n\t\t\t\t<a href='https:\/\/www.holzereck.com\/wp-content\/uploads\/2020\/04\/IMG_4185-2.jpg' rel=\"lightbox[2456]\"><img loading=\"lazy\" decoding=\"async\" width=\"150\" height=\"150\" src=\"https:\/\/www.holzereck.com\/wp-content\/uploads\/2020\/04\/IMG_4185-2-150x150.jpg\" class=\"attachment-thumbnail size-thumbnail\" alt=\"\" srcset=\"https:\/\/www.holzereck.com\/wp-content\/uploads\/2020\/04\/IMG_4185-2-150x150.jpg 150w, https:\/\/www.holzereck.com\/wp-content\/uploads\/2020\/04\/IMG_4185-2-100x100.jpg 100w\" sizes=\"100vw\" \/><\/a>\n\t\t\t<\/div><\/figure><figure class='gallery-item'>\n\t\t\t<div class='gallery-icon landscape'>\n\t\t\t\t<a href='https:\/\/www.holzereck.com\/wp-content\/uploads\/2020\/07\/IMG_4615-2.jpg' rel=\"lightbox[2456]\"><img loading=\"lazy\" decoding=\"async\" width=\"150\" height=\"150\" src=\"https:\/\/www.holzereck.com\/wp-content\/uploads\/2020\/07\/IMG_4615-2-150x150.jpg\" class=\"attachment-thumbnail size-thumbnail\" alt=\"\" srcset=\"https:\/\/www.holzereck.com\/wp-content\/uploads\/2020\/07\/IMG_4615-2-150x150.jpg 150w, https:\/\/www.holzereck.com\/wp-content\/uploads\/2020\/07\/IMG_4615-2-100x100.jpg 100w\" sizes=\"100vw\" \/><\/a>\n\t\t\t<\/div><\/figure><figure class='gallery-item'>\n\t\t\t<div class='gallery-icon landscape'>\n\t\t\t\t<a href='https:\/\/www.holzereck.com\/wp-content\/uploads\/2020\/03\/IMG_0569-1.jpg' rel=\"lightbox[2456]\"><img loading=\"lazy\" decoding=\"async\" width=\"150\" height=\"150\" src=\"https:\/\/www.holzereck.com\/wp-content\/uploads\/2020\/03\/IMG_0569-1-150x150.jpg\" class=\"attachment-thumbnail size-thumbnail\" alt=\"\" srcset=\"https:\/\/www.holzereck.com\/wp-content\/uploads\/2020\/03\/IMG_0569-1-150x150.jpg 150w, https:\/\/www.holzereck.com\/wp-content\/uploads\/2020\/03\/IMG_0569-1-100x100.jpg 100w\" sizes=\"100vw\" \/><\/a>\n\t\t\t<\/div><\/figure><figure class='gallery-item'>\n\t\t\t<div class='gallery-icon portrait'>\n\t\t\t\t<a href='https:\/\/www.holzereck.com\/wp-content\/uploads\/2020\/03\/IMG_0570-1-e1584617020572.jpg' rel=\"lightbox[2456]\"><img loading=\"lazy\" decoding=\"async\" width=\"150\" height=\"150\" src=\"https:\/\/www.holzereck.com\/wp-content\/uploads\/2020\/03\/IMG_0570-1-e1584617020572-150x150.jpg\" class=\"attachment-thumbnail size-thumbnail\" alt=\"\" srcset=\"https:\/\/www.holzereck.com\/wp-content\/uploads\/2020\/03\/IMG_0570-1-e1584617020572-150x150.jpg 150w, https:\/\/www.holzereck.com\/wp-content\/uploads\/2020\/03\/IMG_0570-1-e1584617020572-100x100.jpg 100w\" sizes=\"100vw\" \/><\/a>\n\t\t\t<\/div><\/figure><figure class='gallery-item'>\n\t\t\t<div class='gallery-icon portrait'>\n\t\t\t\t<a href='https:\/\/www.holzereck.com\/wp-content\/uploads\/2020\/03\/IMG_0573-1-e1584617292415.jpg' rel=\"lightbox[2456]\"><img loading=\"lazy\" decoding=\"async\" width=\"150\" height=\"150\" src=\"https:\/\/www.holzereck.com\/wp-content\/uploads\/2020\/03\/IMG_0573-1-e1584617292415-150x150.jpg\" class=\"attachment-thumbnail size-thumbnail\" alt=\"\" srcset=\"https:\/\/www.holzereck.com\/wp-content\/uploads\/2020\/03\/IMG_0573-1-e1584617292415-150x150.jpg 150w, https:\/\/www.holzereck.com\/wp-content\/uploads\/2020\/03\/IMG_0573-1-e1584617292415-100x100.jpg 100w\" sizes=\"100vw\" \/><\/a>\n\t\t\t<\/div><\/figure><figure class='gallery-item'>\n\t\t\t<div class='gallery-icon portrait'>\n\t\t\t\t<a href='https:\/\/www.holzereck.com\/wp-content\/uploads\/2020\/03\/IMG_0574-1-e1584617306284.jpg' rel=\"lightbox[2456]\"><img loading=\"lazy\" decoding=\"async\" width=\"150\" height=\"150\" src=\"https:\/\/www.holzereck.com\/wp-content\/uploads\/2020\/03\/IMG_0574-1-e1584617306284-150x150.jpg\" class=\"attachment-thumbnail size-thumbnail\" alt=\"\" srcset=\"https:\/\/www.holzereck.com\/wp-content\/uploads\/2020\/03\/IMG_0574-1-e1584617306284-150x150.jpg 150w, https:\/\/www.holzereck.com\/wp-content\/uploads\/2020\/03\/IMG_0574-1-e1584617306284-100x100.jpg 100w\" sizes=\"100vw\" \/><\/a>\n\t\t\t<\/div><\/figure><figure class='gallery-item'>\n\t\t\t<div class='gallery-icon landscape'>\n\t\t\t\t<a href='https:\/\/www.holzereck.com\/wp-content\/uploads\/2020\/03\/IMG_2315-1.jpg' rel=\"lightbox[2456]\"><img loading=\"lazy\" decoding=\"async\" width=\"150\" height=\"150\" src=\"https:\/\/www.holzereck.com\/wp-content\/uploads\/2020\/03\/IMG_2315-1-150x150.jpg\" class=\"attachment-thumbnail size-thumbnail\" alt=\"\" srcset=\"https:\/\/www.holzereck.com\/wp-content\/uploads\/2020\/03\/IMG_2315-1-150x150.jpg 150w, https:\/\/www.holzereck.com\/wp-content\/uploads\/2020\/03\/IMG_2315-1-100x100.jpg 100w\" sizes=\"100vw\" \/><\/a>\n\t\t\t<\/div><\/figure><figure class='gallery-item'>\n\t\t\t<div class='gallery-icon portrait'>\n\t\t\t\t<a href='https:\/\/www.holzereck.com\/wp-content\/uploads\/2020\/03\/IMG_0577-1-e1584617315220.jpg' rel=\"lightbox[2456]\"><img loading=\"lazy\" decoding=\"async\" width=\"150\" height=\"150\" src=\"https:\/\/www.holzereck.com\/wp-content\/uploads\/2020\/03\/IMG_0577-1-e1584617315220-150x150.jpg\" class=\"attachment-thumbnail size-thumbnail\" alt=\"\" srcset=\"https:\/\/www.holzereck.com\/wp-content\/uploads\/2020\/03\/IMG_0577-1-e1584617315220-150x150.jpg 150w, https:\/\/www.holzereck.com\/wp-content\/uploads\/2020\/03\/IMG_0577-1-e1584617315220-100x100.jpg 100w\" sizes=\"100vw\" \/><\/a>\n\t\t\t<\/div><\/figure><figure class='gallery-item'>\n\t\t\t<div class='gallery-icon landscape'>\n\t\t\t\t<a href='https:\/\/www.holzereck.com\/wp-content\/uploads\/2020\/03\/IMG_0578-1.jpg' rel=\"lightbox[2456]\"><img loading=\"lazy\" decoding=\"async\" width=\"150\" height=\"150\" src=\"https:\/\/www.holzereck.com\/wp-content\/uploads\/2020\/03\/IMG_0578-1-150x150.jpg\" class=\"attachment-thumbnail size-thumbnail\" alt=\"\" srcset=\"https:\/\/www.holzereck.com\/wp-content\/uploads\/2020\/03\/IMG_0578-1-150x150.jpg 150w, https:\/\/www.holzereck.com\/wp-content\/uploads\/2020\/03\/IMG_0578-1-100x100.jpg 100w\" sizes=\"100vw\" \/><\/a>\n\t\t\t<\/div><\/figure><figure class='gallery-item'>\n\t\t\t<div class='gallery-icon landscape'>\n\t\t\t\t<a href='https:\/\/www.holzereck.com\/wp-content\/uploads\/2020\/03\/IMG_0579-1.jpg' rel=\"lightbox[2456]\"><img loading=\"lazy\" decoding=\"async\" width=\"150\" height=\"150\" src=\"https:\/\/www.holzereck.com\/wp-content\/uploads\/2020\/03\/IMG_0579-1-150x150.jpg\" class=\"attachment-thumbnail size-thumbnail\" alt=\"\" srcset=\"https:\/\/www.holzereck.com\/wp-content\/uploads\/2020\/03\/IMG_0579-1-150x150.jpg 150w, https:\/\/www.holzereck.com\/wp-content\/uploads\/2020\/03\/IMG_0579-1-100x100.jpg 100w\" sizes=\"100vw\" \/><\/a>\n\t\t\t<\/div><\/figure>\n\t\t<\/div>\n\n","protected":false},"excerpt":{"rendered":"<p>40m\u00b2 Sehr gem\u00fctliche Dachwohnung mit grossem Balkon im 2. Stock. Ausstattung: Diele, K\u00fcche mit Geschirrsp\u00fcler, Wohnzimmer mit Essbereich und Doppelschlafcouch, Schlafzimmer mit Doppelbett, Badezimmer mit Badewanne\/Dusche, Waschbecken, F\u00f6hn und WC.<\/p>\n","protected":false},"author":1,"featured_media":0,"parent":2196,"menu_order":6,"comment_status":"closed","ping_status":"closed","template":"","meta":{"ngg_post_thumbnail":0,"footnotes":""},"class_list":["post-2456","page","type-page","status-publish","hentry"],"_links":{"self":[{"href":"https:\/\/www.holzereck.com\/index.php?rest_route=\/wp\/v2\/pages\/2456"}],"collection":[{"href":"https:\/\/www.holzereck.com\/index.php?rest_route=\/wp\/v2\/pages"}],"about":[{"href":"https:\/\/www.holzereck.com\/index.php?rest_route=\/wp\/v2\/types\/page"}],"author":[{"embeddable":true,"href":"https:\/\/www.holzereck.com\/index.php?rest_route=\/wp\/v2\/users\/1"}],"replies":[{"embeddable":true,"href":"https:\/\/www.holzereck.com\/index.php?rest_route=%2Fwp%2Fv2%2Fcomments&post=2456"}],"version-history":[{"count":7,"href":"https:\/\/www.holzereck.com\/index.php?rest_route=\/wp\/v2\/pages\/2456\/revisions"}],"predecessor-version":[{"id":4307,"href":"https:\/\/www.holzereck.com\/index.php?rest_route=\/wp\/v2\/pages\/2456\/revisions\/4307"}],"up":[{"embeddable":true,"href":"https:\/\/www.holzereck.com\/index.php?rest_route=\/wp\/v2\/pages\/2196"}],"wp:attachment":[{"href":"https:\/\/www.holzereck.com\/index.php?rest_route=%2Fwp%2Fv2%2Fmedia&parent=2456"}],"curies":[{"name":"wp","href":"https:\/\/api.w.org\/{rel}","templated":true}]}}