{"id":2451,"date":"2020-02-27T16:14:50","date_gmt":"2020-02-27T16:14:50","guid":{"rendered":"https:\/\/holzereck.com\/?page_id=2451"},"modified":"2022-09-16T05:49:27","modified_gmt":"2022-09-16T05:49:27","slug":"sonnenspitze-2-4-pers","status":"publish","type":"page","link":"https:\/\/www.holzereck.com\/?page_id=2451&lang=de","title":{"rendered":"Sonnenspitze (2-4 Pers)"},"content":{"rendered":"<p>40m\u00b2<\/p>\n<p>Sehr gem\u00fctliche Dachwohnung mit grossem Balkon im 2. Stock.<\/p>\n<p>Ausstattung:<\/p>\n<p>Diele, K\u00fcche mit Geschirrsp\u00fcler, Wohnzimmer mit Essbereich und Doppelschlafcouch, Schlafzimmer mit Doppelbett, Badezimmer mit Dusche, Waschbecken und F\u00f6hn, separates WC.<\/p>\n<div id='gallery-1' class='gallery galleryid-2451 gallery-columns-3 gallery-size-thumbnail'><figure class='gallery-item'>\n\t\t\t<div class='gallery-icon landscape'>\n\t\t\t\t<a href='https:\/\/www.holzereck.com\/wp-content\/uploads\/2022\/04\/IMG_7486-2.jpg' rel=\"lightbox[2451]\"><img loading=\"lazy\" decoding=\"async\" width=\"150\" height=\"150\" src=\"https:\/\/www.holzereck.com\/wp-content\/uploads\/2022\/04\/IMG_7486-2-150x150.jpg\" class=\"attachment-thumbnail size-thumbnail\" alt=\"\" srcset=\"https:\/\/www.holzereck.com\/wp-content\/uploads\/2022\/04\/IMG_7486-2-150x150.jpg 150w, https:\/\/www.holzereck.com\/wp-content\/uploads\/2022\/04\/IMG_7486-2-100x100.jpg 100w\" sizes=\"100vw\" \/><\/a>\n\t\t\t<\/div><\/figure><figure class='gallery-item'>\n\t\t\t<div class='gallery-icon landscape'>\n\t\t\t\t<a href='https:\/\/www.holzereck.com\/wp-content\/uploads\/2022\/04\/IMG_7487-2.jpg' rel=\"lightbox[2451]\"><img loading=\"lazy\" decoding=\"async\" width=\"150\" height=\"150\" src=\"https:\/\/www.holzereck.com\/wp-content\/uploads\/2022\/04\/IMG_7487-2-150x150.jpg\" class=\"attachment-thumbnail size-thumbnail\" alt=\"\" srcset=\"https:\/\/www.holzereck.com\/wp-content\/uploads\/2022\/04\/IMG_7487-2-150x150.jpg 150w, https:\/\/www.holzereck.com\/wp-content\/uploads\/2022\/04\/IMG_7487-2-100x100.jpg 100w\" sizes=\"100vw\" \/><\/a>\n\t\t\t<\/div><\/figure><figure class='gallery-item'>\n\t\t\t<div class='gallery-icon landscape'>\n\t\t\t\t<a href='https:\/\/www.holzereck.com\/wp-content\/uploads\/2020\/03\/IMG_3646-kopie.jpg' rel=\"lightbox[2451]\"><img loading=\"lazy\" decoding=\"async\" width=\"150\" height=\"150\" src=\"https:\/\/www.holzereck.com\/wp-content\/uploads\/2020\/03\/IMG_3646-kopie-150x150.jpg\" class=\"attachment-thumbnail size-thumbnail\" alt=\"\" srcset=\"https:\/\/www.holzereck.com\/wp-content\/uploads\/2020\/03\/IMG_3646-kopie-150x150.jpg 150w, https:\/\/www.holzereck.com\/wp-content\/uploads\/2020\/03\/IMG_3646-kopie-100x100.jpg 100w\" sizes=\"100vw\" \/><\/a>\n\t\t\t<\/div><\/figure><figure class='gallery-item'>\n\t\t\t<div class='gallery-icon landscape'>\n\t\t\t\t<a href='https:\/\/www.holzereck.com\/wp-content\/uploads\/2020\/03\/IMG_3647-kopie.jpg' rel=\"lightbox[2451]\"><img loading=\"lazy\" decoding=\"async\" width=\"150\" height=\"150\" src=\"https:\/\/www.holzereck.com\/wp-content\/uploads\/2020\/03\/IMG_3647-kopie-150x150.jpg\" class=\"attachment-thumbnail size-thumbnail\" alt=\"\" srcset=\"https:\/\/www.holzereck.com\/wp-content\/uploads\/2020\/03\/IMG_3647-kopie-150x150.jpg 150w, https:\/\/www.holzereck.com\/wp-content\/uploads\/2020\/03\/IMG_3647-kopie-100x100.jpg 100w\" sizes=\"100vw\" \/><\/a>\n\t\t\t<\/div><\/figure><figure class='gallery-item'>\n\t\t\t<div class='gallery-icon landscape'>\n\t\t\t\t<a href='https:\/\/www.holzereck.com\/wp-content\/uploads\/2020\/03\/IMG_3648-kopie.jpg' rel=\"lightbox[2451]\"><img loading=\"lazy\" decoding=\"async\" width=\"150\" height=\"150\" src=\"https:\/\/www.holzereck.com\/wp-content\/uploads\/2020\/03\/IMG_3648-kopie-150x150.jpg\" class=\"attachment-thumbnail size-thumbnail\" alt=\"\" srcset=\"https:\/\/www.holzereck.com\/wp-content\/uploads\/2020\/03\/IMG_3648-kopie-150x150.jpg 150w, https:\/\/www.holzereck.com\/wp-content\/uploads\/2020\/03\/IMG_3648-kopie-100x100.jpg 100w\" sizes=\"100vw\" \/><\/a>\n\t\t\t<\/div><\/figure><figure class='gallery-item'>\n\t\t\t<div class='gallery-icon landscape'>\n\t\t\t\t<a href='https:\/\/www.holzereck.com\/wp-content\/uploads\/2020\/03\/IMG_3652-kopie.jpg' rel=\"lightbox[2451]\"><img loading=\"lazy\" decoding=\"async\" width=\"150\" height=\"150\" src=\"https:\/\/www.holzereck.com\/wp-content\/uploads\/2020\/03\/IMG_3652-kopie-150x150.jpg\" class=\"attachment-thumbnail size-thumbnail\" alt=\"\" srcset=\"https:\/\/www.holzereck.com\/wp-content\/uploads\/2020\/03\/IMG_3652-kopie-150x150.jpg 150w, https:\/\/www.holzereck.com\/wp-content\/uploads\/2020\/03\/IMG_3652-kopie-100x100.jpg 100w\" sizes=\"100vw\" \/><\/a>\n\t\t\t<\/div><\/figure><figure class='gallery-item'>\n\t\t\t<div class='gallery-icon portrait'>\n\t\t\t\t<a href='https:\/\/www.holzereck.com\/wp-content\/uploads\/2020\/03\/IMG_3651-kopie-e1584616190228.jpg' rel=\"lightbox[2451]\"><img loading=\"lazy\" decoding=\"async\" width=\"150\" height=\"150\" src=\"https:\/\/www.holzereck.com\/wp-content\/uploads\/2020\/03\/IMG_3651-kopie-e1584616190228-150x150.jpg\" class=\"attachment-thumbnail size-thumbnail\" alt=\"\" srcset=\"https:\/\/www.holzereck.com\/wp-content\/uploads\/2020\/03\/IMG_3651-kopie-e1584616190228-150x150.jpg 150w, https:\/\/www.holzereck.com\/wp-content\/uploads\/2020\/03\/IMG_3651-kopie-e1584616190228-100x100.jpg 100w\" sizes=\"100vw\" \/><\/a>\n\t\t\t<\/div><\/figure><figure class='gallery-item'>\n\t\t\t<div class='gallery-icon landscape'>\n\t\t\t\t<a href='https:\/\/www.holzereck.com\/wp-content\/uploads\/2020\/03\/IMG_3654-kopie.jpg' rel=\"lightbox[2451]\"><img loading=\"lazy\" decoding=\"async\" width=\"150\" height=\"150\" src=\"https:\/\/www.holzereck.com\/wp-content\/uploads\/2020\/03\/IMG_3654-kopie-150x150.jpg\" class=\"attachment-thumbnail size-thumbnail\" alt=\"\" srcset=\"https:\/\/www.holzereck.com\/wp-content\/uploads\/2020\/03\/IMG_3654-kopie-150x150.jpg 150w, https:\/\/www.holzereck.com\/wp-content\/uploads\/2020\/03\/IMG_3654-kopie-100x100.jpg 100w\" sizes=\"100vw\" \/><\/a>\n\t\t\t<\/div><\/figure><figure class='gallery-item'>\n\t\t\t<div class='gallery-icon portrait'>\n\t\t\t\t<a href='https:\/\/www.holzereck.com\/wp-content\/uploads\/2020\/03\/IMG_3653-kopie-e1584616215130.jpg' rel=\"lightbox[2451]\"><img loading=\"lazy\" decoding=\"async\" width=\"150\" height=\"150\" src=\"https:\/\/www.holzereck.com\/wp-content\/uploads\/2020\/03\/IMG_3653-kopie-e1584616215130-150x150.jpg\" class=\"attachment-thumbnail size-thumbnail\" alt=\"\" srcset=\"https:\/\/www.holzereck.com\/wp-content\/uploads\/2020\/03\/IMG_3653-kopie-e1584616215130-150x150.jpg 150w, https:\/\/www.holzereck.com\/wp-content\/uploads\/2020\/03\/IMG_3653-kopie-e1584616215130-100x100.jpg 100w\" sizes=\"100vw\" \/><\/a>\n\t\t\t<\/div><\/figure><figure class='gallery-item'>\n\t\t\t<div class='gallery-icon portrait'>\n\t\t\t\t<a href='https:\/\/www.holzereck.com\/wp-content\/uploads\/2020\/03\/IMG_3649-kopie-e1584616167438.jpg' rel=\"lightbox[2451]\"><img loading=\"lazy\" decoding=\"async\" width=\"150\" height=\"150\" src=\"https:\/\/www.holzereck.com\/wp-content\/uploads\/2020\/03\/IMG_3649-kopie-e1584616167438-150x150.jpg\" class=\"attachment-thumbnail size-thumbnail\" alt=\"\" srcset=\"https:\/\/www.holzereck.com\/wp-content\/uploads\/2020\/03\/IMG_3649-kopie-e1584616167438-150x150.jpg 150w, https:\/\/www.holzereck.com\/wp-content\/uploads\/2020\/03\/IMG_3649-kopie-e1584616167438-100x100.jpg 100w\" sizes=\"100vw\" \/><\/a>\n\t\t\t<\/div><\/figure><figure class='gallery-item'>\n\t\t\t<div class='gallery-icon landscape'>\n\t\t\t\t<a href='https:\/\/www.holzereck.com\/wp-content\/uploads\/2020\/03\/IMG_23152-kopie.jpg' rel=\"lightbox[2451]\"><img loading=\"lazy\" decoding=\"async\" width=\"150\" height=\"150\" src=\"https:\/\/www.holzereck.com\/wp-content\/uploads\/2020\/03\/IMG_23152-kopie-150x150.jpg\" class=\"attachment-thumbnail size-thumbnail\" alt=\"\" srcset=\"https:\/\/www.holzereck.com\/wp-content\/uploads\/2020\/03\/IMG_23152-kopie-150x150.jpg 150w, https:\/\/www.holzereck.com\/wp-content\/uploads\/2020\/03\/IMG_23152-kopie-100x100.jpg 100w\" sizes=\"100vw\" \/><\/a>\n\t\t\t<\/div><\/figure><figure class='gallery-item'>\n\t\t\t<div class='gallery-icon portrait'>\n\t\t\t\t<a href='https:\/\/www.holzereck.com\/wp-content\/uploads\/2020\/03\/IMG_03602-kopie-e1584616091220.jpg' rel=\"lightbox[2451]\"><img loading=\"lazy\" decoding=\"async\" width=\"150\" height=\"150\" src=\"https:\/\/www.holzereck.com\/wp-content\/uploads\/2020\/03\/IMG_03602-kopie-e1584616091220-150x150.jpg\" class=\"attachment-thumbnail size-thumbnail\" alt=\"\" srcset=\"https:\/\/www.holzereck.com\/wp-content\/uploads\/2020\/03\/IMG_03602-kopie-e1584616091220-150x150.jpg 150w, https:\/\/www.holzereck.com\/wp-content\/uploads\/2020\/03\/IMG_03602-kopie-e1584616091220-100x100.jpg 100w\" sizes=\"100vw\" \/><\/a>\n\t\t\t<\/div><\/figure><figure class='gallery-item'>\n\t\t\t<div class='gallery-icon portrait'>\n\t\t\t\t<a href='https:\/\/www.holzereck.com\/wp-content\/uploads\/2020\/03\/IMG_03592-1-e1584616073167.jpg' rel=\"lightbox[2451]\"><img loading=\"lazy\" decoding=\"async\" width=\"150\" height=\"150\" src=\"https:\/\/www.holzereck.com\/wp-content\/uploads\/2020\/03\/IMG_03592-1-e1584616073167-150x150.jpg\" class=\"attachment-thumbnail size-thumbnail\" alt=\"\" srcset=\"https:\/\/www.holzereck.com\/wp-content\/uploads\/2020\/03\/IMG_03592-1-e1584616073167-150x150.jpg 150w, https:\/\/www.holzereck.com\/wp-content\/uploads\/2020\/03\/IMG_03592-1-e1584616073167-100x100.jpg 100w\" sizes=\"100vw\" \/><\/a>\n\t\t\t<\/div><\/figure><figure class='gallery-item'>\n\t\t\t<div class='gallery-icon portrait'>\n\t\t\t\t<a href='https:\/\/www.holzereck.com\/wp-content\/uploads\/2020\/03\/IMG_03632-kopie-e1584616109763.jpg' rel=\"lightbox[2451]\"><img loading=\"lazy\" decoding=\"async\" width=\"150\" height=\"150\" src=\"https:\/\/www.holzereck.com\/wp-content\/uploads\/2020\/03\/IMG_03632-kopie-e1584616109763-150x150.jpg\" class=\"attachment-thumbnail size-thumbnail\" alt=\"\" srcset=\"https:\/\/www.holzereck.com\/wp-content\/uploads\/2020\/03\/IMG_03632-kopie-e1584616109763-150x150.jpg 150w, https:\/\/www.holzereck.com\/wp-content\/uploads\/2020\/03\/IMG_03632-kopie-e1584616109763-100x100.jpg 100w\" sizes=\"100vw\" \/><\/a>\n\t\t\t<\/div><\/figure>\n\t\t<\/div>\n\n","protected":false},"excerpt":{"rendered":"<p>40m\u00b2 Sehr gem\u00fctliche Dachwohnung mit grossem Balkon im 2. Stock. Ausstattung: Diele, K\u00fcche mit Geschirrsp\u00fcler, Wohnzimmer mit Essbereich und Doppelschlafcouch, Schlafzimmer mit Doppelbett, Badezimmer mit Dusche, Waschbecken und F\u00f6hn, separates WC.<\/p>\n","protected":false},"author":1,"featured_media":0,"parent":2196,"menu_order":5,"comment_status":"closed","ping_status":"closed","template":"","meta":{"ngg_post_thumbnail":0,"footnotes":""},"class_list":["post-2451","page","type-page","status-publish","hentry"],"_links":{"self":[{"href":"https:\/\/www.holzereck.com\/index.php?rest_route=\/wp\/v2\/pages\/2451"}],"collection":[{"href":"https:\/\/www.holzereck.com\/index.php?rest_route=\/wp\/v2\/pages"}],"about":[{"href":"https:\/\/www.holzereck.com\/index.php?rest_route=\/wp\/v2\/types\/page"}],"author":[{"embeddable":true,"href":"https:\/\/www.holzereck.com\/index.php?rest_route=\/wp\/v2\/users\/1"}],"replies":[{"embeddable":true,"href":"https:\/\/www.holzereck.com\/index.php?rest_route=%2Fwp%2Fv2%2Fcomments&post=2451"}],"version-history":[{"count":7,"href":"https:\/\/www.holzereck.com\/index.php?rest_route=\/wp\/v2\/pages\/2451\/revisions"}],"predecessor-version":[{"id":5894,"href":"https:\/\/www.holzereck.com\/index.php?rest_route=\/wp\/v2\/pages\/2451\/revisions\/5894"}],"up":[{"embeddable":true,"href":"https:\/\/www.holzereck.com\/index.php?rest_route=\/wp\/v2\/pages\/2196"}],"wp:attachment":[{"href":"https:\/\/www.holzereck.com\/index.php?rest_route=%2Fwp%2Fv2%2Fmedia&parent=2451"}],"curies":[{"name":"wp","href":"https:\/\/api.w.org\/{rel}","templated":true}]}}