{"id":2447,"date":"2020-02-27T16:11:54","date_gmt":"2020-02-27T16:11:54","guid":{"rendered":"https:\/\/holzereck.com\/?page_id=2447"},"modified":"2023-12-11T11:10:16","modified_gmt":"2023-12-11T11:10:16","slug":"daniel-2-4-pers","status":"publish","type":"page","link":"https:\/\/www.holzereck.com\/?page_id=2447&lang=de","title":{"rendered":"Daniel (2-4 Pers)"},"content":{"rendered":"<p>36m\u00b2<\/p>\n<p>Wohnung im 1. Stock mit grossem Balkon.<\/p>\n<p>Ausstattung:<\/p>\n<p>Diele, Wohnzimmer mit K\u00fcche (inkl Geschirrsp\u00fcler), Essbereich und Doppelschlafcouch, Schlafzimmer mit Doppelbett, neues Badezimmer mit Dusche, Waschbecken und F\u00f6hn, separates WC.<\/p>\n<div id='gallery-1' class='gallery galleryid-2447 gallery-columns-3 gallery-size-thumbnail'><figure class='gallery-item'>\n\t\t\t<div class='gallery-icon portrait'>\n\t\t\t\t<a href='https:\/\/www.holzereck.com\/wp-content\/uploads\/2020\/03\/IMG_2079-1-e1584614712209.jpg' rel=\"lightbox[2447]\"><img loading=\"lazy\" decoding=\"async\" width=\"150\" height=\"150\" src=\"https:\/\/www.holzereck.com\/wp-content\/uploads\/2020\/03\/IMG_2079-1-e1584614712209-150x150.jpg\" class=\"attachment-thumbnail size-thumbnail\" alt=\"\" srcset=\"https:\/\/www.holzereck.com\/wp-content\/uploads\/2020\/03\/IMG_2079-1-e1584614712209-150x150.jpg 150w, https:\/\/www.holzereck.com\/wp-content\/uploads\/2020\/03\/IMG_2079-1-e1584614712209-100x100.jpg 100w\" sizes=\"100vw\" \/><\/a>\n\t\t\t<\/div><\/figure><figure class='gallery-item'>\n\t\t\t<div class='gallery-icon portrait'>\n\t\t\t\t<a href='https:\/\/www.holzereck.com\/wp-content\/uploads\/2023\/12\/IMG_0028-1-scaled.jpg' rel=\"lightbox[2447]\"><img loading=\"lazy\" decoding=\"async\" width=\"150\" height=\"150\" src=\"https:\/\/www.holzereck.com\/wp-content\/uploads\/2023\/12\/IMG_0028-1-150x150.jpg\" class=\"attachment-thumbnail size-thumbnail\" alt=\"\" srcset=\"https:\/\/www.holzereck.com\/wp-content\/uploads\/2023\/12\/IMG_0028-1-150x150.jpg 150w, https:\/\/www.holzereck.com\/wp-content\/uploads\/2023\/12\/IMG_0028-1-100x100.jpg 100w\" sizes=\"100vw\" \/><\/a>\n\t\t\t<\/div><\/figure><figure class='gallery-item'>\n\t\t\t<div class='gallery-icon landscape'>\n\t\t\t\t<a href='https:\/\/www.holzereck.com\/wp-content\/uploads\/2020\/03\/IMG_2086-1.jpg' rel=\"lightbox[2447]\"><img loading=\"lazy\" decoding=\"async\" width=\"150\" height=\"150\" src=\"https:\/\/www.holzereck.com\/wp-content\/uploads\/2020\/03\/IMG_2086-1-150x150.jpg\" class=\"attachment-thumbnail size-thumbnail\" alt=\"\" srcset=\"https:\/\/www.holzereck.com\/wp-content\/uploads\/2020\/03\/IMG_2086-1-150x150.jpg 150w, https:\/\/www.holzereck.com\/wp-content\/uploads\/2020\/03\/IMG_2086-1-100x100.jpg 100w\" sizes=\"100vw\" \/><\/a>\n\t\t\t<\/div><\/figure><figure class='gallery-item'>\n\t\t\t<div class='gallery-icon landscape'>\n\t\t\t\t<a href='https:\/\/www.holzereck.com\/wp-content\/uploads\/2020\/03\/IMG_2084-1.jpg' rel=\"lightbox[2447]\"><img loading=\"lazy\" decoding=\"async\" width=\"150\" height=\"150\" src=\"https:\/\/www.holzereck.com\/wp-content\/uploads\/2020\/03\/IMG_2084-1-150x150.jpg\" class=\"attachment-thumbnail size-thumbnail\" alt=\"\" srcset=\"https:\/\/www.holzereck.com\/wp-content\/uploads\/2020\/03\/IMG_2084-1-150x150.jpg 150w, https:\/\/www.holzereck.com\/wp-content\/uploads\/2020\/03\/IMG_2084-1-100x100.jpg 100w\" sizes=\"100vw\" \/><\/a>\n\t\t\t<\/div><\/figure><figure class='gallery-item'>\n\t\t\t<div class='gallery-icon landscape'>\n\t\t\t\t<a href='https:\/\/www.holzereck.com\/wp-content\/uploads\/2020\/03\/IMG_2087-1.jpg' rel=\"lightbox[2447]\"><img loading=\"lazy\" decoding=\"async\" width=\"150\" height=\"150\" src=\"https:\/\/www.holzereck.com\/wp-content\/uploads\/2020\/03\/IMG_2087-1-150x150.jpg\" class=\"attachment-thumbnail size-thumbnail\" alt=\"\" srcset=\"https:\/\/www.holzereck.com\/wp-content\/uploads\/2020\/03\/IMG_2087-1-150x150.jpg 150w, https:\/\/www.holzereck.com\/wp-content\/uploads\/2020\/03\/IMG_2087-1-100x100.jpg 100w\" sizes=\"100vw\" \/><\/a>\n\t\t\t<\/div><\/figure><figure class='gallery-item'>\n\t\t\t<div class='gallery-icon portrait'>\n\t\t\t\t<a href='https:\/\/www.holzereck.com\/wp-content\/uploads\/2023\/11\/IMG_9861-2-scaled.jpg' rel=\"lightbox[2447]\"><img loading=\"lazy\" decoding=\"async\" width=\"150\" height=\"150\" src=\"https:\/\/www.holzereck.com\/wp-content\/uploads\/2023\/11\/IMG_9861-2-150x150.jpg\" class=\"attachment-thumbnail size-thumbnail\" alt=\"\" srcset=\"https:\/\/www.holzereck.com\/wp-content\/uploads\/2023\/11\/IMG_9861-2-150x150.jpg 150w, https:\/\/www.holzereck.com\/wp-content\/uploads\/2023\/11\/IMG_9861-2-100x100.jpg 100w\" sizes=\"100vw\" \/><\/a>\n\t\t\t<\/div><\/figure><figure class='gallery-item'>\n\t\t\t<div class='gallery-icon landscape'>\n\t\t\t\t<a href='https:\/\/www.holzereck.com\/wp-content\/uploads\/2023\/11\/IMG_9863-2-scaled.jpg' rel=\"lightbox[2447]\"><img loading=\"lazy\" decoding=\"async\" width=\"150\" height=\"150\" src=\"https:\/\/www.holzereck.com\/wp-content\/uploads\/2023\/11\/IMG_9863-2-150x150.jpg\" class=\"attachment-thumbnail size-thumbnail\" alt=\"\" srcset=\"https:\/\/www.holzereck.com\/wp-content\/uploads\/2023\/11\/IMG_9863-2-150x150.jpg 150w, https:\/\/www.holzereck.com\/wp-content\/uploads\/2023\/11\/IMG_9863-2-100x100.jpg 100w\" sizes=\"100vw\" \/><\/a>\n\t\t\t<\/div><\/figure><figure class='gallery-item'>\n\t\t\t<div class='gallery-icon landscape'>\n\t\t\t\t<a href='https:\/\/www.holzereck.com\/wp-content\/uploads\/2023\/11\/IMG_9866-2-scaled.jpg' rel=\"lightbox[2447]\"><img loading=\"lazy\" decoding=\"async\" width=\"150\" height=\"150\" src=\"https:\/\/www.holzereck.com\/wp-content\/uploads\/2023\/11\/IMG_9866-2-150x150.jpg\" class=\"attachment-thumbnail size-thumbnail\" alt=\"\" srcset=\"https:\/\/www.holzereck.com\/wp-content\/uploads\/2023\/11\/IMG_9866-2-150x150.jpg 150w, https:\/\/www.holzereck.com\/wp-content\/uploads\/2023\/11\/IMG_9866-2-100x100.jpg 100w\" sizes=\"100vw\" \/><\/a>\n\t\t\t<\/div><\/figure><figure class='gallery-item'>\n\t\t\t<div class='gallery-icon portrait'>\n\t\t\t\t<a href='https:\/\/www.holzereck.com\/wp-content\/uploads\/2020\/03\/IMG_0557-1-e1584614685215.jpg' rel=\"lightbox[2447]\"><img loading=\"lazy\" decoding=\"async\" width=\"150\" height=\"150\" src=\"https:\/\/www.holzereck.com\/wp-content\/uploads\/2020\/03\/IMG_0557-1-e1584614685215-150x150.jpg\" class=\"attachment-thumbnail size-thumbnail\" alt=\"\" srcset=\"https:\/\/www.holzereck.com\/wp-content\/uploads\/2020\/03\/IMG_0557-1-e1584614685215-150x150.jpg 150w, https:\/\/www.holzereck.com\/wp-content\/uploads\/2020\/03\/IMG_0557-1-e1584614685215-100x100.jpg 100w\" sizes=\"100vw\" \/><\/a>\n\t\t\t<\/div><\/figure><figure class='gallery-item'>\n\t\t\t<div class='gallery-icon portrait'>\n\t\t\t\t<a href='https:\/\/www.holzereck.com\/wp-content\/uploads\/2020\/03\/IMG_0558-1-e1584614695360.jpg' rel=\"lightbox[2447]\"><img loading=\"lazy\" decoding=\"async\" width=\"150\" height=\"150\" src=\"https:\/\/www.holzereck.com\/wp-content\/uploads\/2020\/03\/IMG_0558-1-e1584614695360-150x150.jpg\" class=\"attachment-thumbnail size-thumbnail\" alt=\"\" srcset=\"https:\/\/www.holzereck.com\/wp-content\/uploads\/2020\/03\/IMG_0558-1-e1584614695360-150x150.jpg 150w, https:\/\/www.holzereck.com\/wp-content\/uploads\/2020\/03\/IMG_0558-1-e1584614695360-100x100.jpg 100w\" sizes=\"100vw\" \/><\/a>\n\t\t\t<\/div><\/figure><figure class='gallery-item'>\n\t\t\t<div class='gallery-icon portrait'>\n\t\t\t\t<a href='https:\/\/www.holzereck.com\/wp-content\/uploads\/2020\/03\/IMG_2093-1-e1584614777765.jpg' rel=\"lightbox[2447]\"><img loading=\"lazy\" decoding=\"async\" width=\"150\" height=\"150\" src=\"https:\/\/www.holzereck.com\/wp-content\/uploads\/2020\/03\/IMG_2093-1-e1584614777765-150x150.jpg\" class=\"attachment-thumbnail size-thumbnail\" alt=\"\" srcset=\"https:\/\/www.holzereck.com\/wp-content\/uploads\/2020\/03\/IMG_2093-1-e1584614777765-150x150.jpg 150w, https:\/\/www.holzereck.com\/wp-content\/uploads\/2020\/03\/IMG_2093-1-e1584614777765-100x100.jpg 100w\" sizes=\"100vw\" \/><\/a>\n\t\t\t<\/div><\/figure><figure class='gallery-item'>\n\t\t\t<div class='gallery-icon landscape'>\n\t\t\t\t<a href='https:\/\/www.holzereck.com\/wp-content\/uploads\/2020\/03\/IMG_2314-1.jpg' rel=\"lightbox[2447]\"><img loading=\"lazy\" decoding=\"async\" width=\"150\" height=\"150\" src=\"https:\/\/www.holzereck.com\/wp-content\/uploads\/2020\/03\/IMG_2314-1-150x150.jpg\" class=\"attachment-thumbnail size-thumbnail\" alt=\"\" srcset=\"https:\/\/www.holzereck.com\/wp-content\/uploads\/2020\/03\/IMG_2314-1-150x150.jpg 150w, https:\/\/www.holzereck.com\/wp-content\/uploads\/2020\/03\/IMG_2314-1-100x100.jpg 100w\" sizes=\"100vw\" \/><\/a>\n\t\t\t<\/div><\/figure><figure class='gallery-item'>\n\t\t\t<div class='gallery-icon portrait'>\n\t\t\t\t<a href='https:\/\/www.holzereck.com\/wp-content\/uploads\/2020\/03\/IMG_2094-1-e1584614793923.jpg' rel=\"lightbox[2447]\"><img loading=\"lazy\" decoding=\"async\" width=\"150\" height=\"150\" src=\"https:\/\/www.holzereck.com\/wp-content\/uploads\/2020\/03\/IMG_2094-1-e1584614793923-150x150.jpg\" class=\"attachment-thumbnail size-thumbnail\" alt=\"\" srcset=\"https:\/\/www.holzereck.com\/wp-content\/uploads\/2020\/03\/IMG_2094-1-e1584614793923-150x150.jpg 150w, https:\/\/www.holzereck.com\/wp-content\/uploads\/2020\/03\/IMG_2094-1-e1584614793923-100x100.jpg 100w\" sizes=\"100vw\" \/><\/a>\n\t\t\t<\/div><\/figure><figure class='gallery-item'>\n\t\t\t<div class='gallery-icon portrait'>\n\t\t\t\t<a href='https:\/\/www.holzereck.com\/wp-content\/uploads\/2020\/03\/IMG_0549-1-e1584614667725.jpg' rel=\"lightbox[2447]\"><img loading=\"lazy\" decoding=\"async\" width=\"150\" height=\"150\" src=\"https:\/\/www.holzereck.com\/wp-content\/uploads\/2020\/03\/IMG_0549-1-e1584614667725-150x150.jpg\" class=\"attachment-thumbnail size-thumbnail\" alt=\"\" srcset=\"https:\/\/www.holzereck.com\/wp-content\/uploads\/2020\/03\/IMG_0549-1-e1584614667725-150x150.jpg 150w, https:\/\/www.holzereck.com\/wp-content\/uploads\/2020\/03\/IMG_0549-1-e1584614667725-100x100.jpg 100w\" sizes=\"100vw\" \/><\/a>\n\t\t\t<\/div><\/figure>\n\t\t<\/div>\n\n","protected":false},"excerpt":{"rendered":"<p>36m\u00b2 Wohnung im 1. Stock mit grossem Balkon. Ausstattung: Diele, Wohnzimmer mit K\u00fcche (inkl Geschirrsp\u00fcler), Essbereich und Doppelschlafcouch, Schlafzimmer mit Doppelbett, neues Badezimmer mit Dusche, Waschbecken und F\u00f6hn, separates WC.<\/p>\n","protected":false},"author":1,"featured_media":0,"parent":2196,"menu_order":4,"comment_status":"closed","ping_status":"closed","template":"","meta":{"ngg_post_thumbnail":0,"footnotes":""},"class_list":["post-2447","page","type-page","status-publish","hentry"],"_links":{"self":[{"href":"https:\/\/www.holzereck.com\/index.php?rest_route=\/wp\/v2\/pages\/2447"}],"collection":[{"href":"https:\/\/www.holzereck.com\/index.php?rest_route=\/wp\/v2\/pages"}],"about":[{"href":"https:\/\/www.holzereck.com\/index.php?rest_route=\/wp\/v2\/types\/page"}],"author":[{"embeddable":true,"href":"https:\/\/www.holzereck.com\/index.php?rest_route=\/wp\/v2\/users\/1"}],"replies":[{"embeddable":true,"href":"https:\/\/www.holzereck.com\/index.php?rest_route=%2Fwp%2Fv2%2Fcomments&post=2447"}],"version-history":[{"count":8,"href":"https:\/\/www.holzereck.com\/index.php?rest_route=\/wp\/v2\/pages\/2447\/revisions"}],"predecessor-version":[{"id":6742,"href":"https:\/\/www.holzereck.com\/index.php?rest_route=\/wp\/v2\/pages\/2447\/revisions\/6742"}],"up":[{"embeddable":true,"href":"https:\/\/www.holzereck.com\/index.php?rest_route=\/wp\/v2\/pages\/2196"}],"wp:attachment":[{"href":"https:\/\/www.holzereck.com\/index.php?rest_route=%2Fwp%2Fv2%2Fmedia&parent=2447"}],"curies":[{"name":"wp","href":"https:\/\/api.w.org\/{rel}","templated":true}]}}