{"id":2442,"date":"2020-02-27T16:08:29","date_gmt":"2020-02-27T16:08:29","guid":{"rendered":"https:\/\/holzereck.com\/?page_id=2442"},"modified":"2023-05-14T14:37:47","modified_gmt":"2023-05-14T14:37:47","slug":"wetterstein-2-5-pers","status":"publish","type":"page","link":"https:\/\/www.holzereck.com\/?page_id=2442&lang=de","title":{"rendered":"Wetterstein (2-5 Pers)"},"content":{"rendered":"<p>55m\u00b2<\/p>\n<p>Wohnung im 1. Stock mit einer sehr grosse Terrasse\/Balkon mit herrlichem Blick auf das Wettersteingebirge und die Sonnenspitze.<\/p>\n<p>Ausstattung:<\/p>\n<p>Diele, Wohnzimmer mit K\u00fcche (inkl Geschirrsp\u00fcler), Essbereich und Couch, Schlafzimmer mit 1 Etagenbett und 1 Einzelbett, Schlafzimmer mit Doppelbett, ger\u00e4umiges Badezimmer mit Dusche, Doppelwaschbecken und F\u00f6hn, separates WC mit 2. Dusche.<\/p>\n<div id='gallery-1' class='gallery galleryid-2442 gallery-columns-3 gallery-size-thumbnail'><figure class='gallery-item'>\n\t\t\t<div class='gallery-icon portrait'>\n\t\t\t\t<a href='https:\/\/www.holzereck.com\/wp-content\/uploads\/2020\/03\/IMG_2318-1-e1584613208198.jpg' rel=\"lightbox[2442]\"><img loading=\"lazy\" decoding=\"async\" width=\"150\" height=\"150\" src=\"https:\/\/www.holzereck.com\/wp-content\/uploads\/2020\/03\/IMG_2318-1-e1584613208198-150x150.jpg\" class=\"attachment-thumbnail size-thumbnail\" alt=\"\" srcset=\"https:\/\/www.holzereck.com\/wp-content\/uploads\/2020\/03\/IMG_2318-1-e1584613208198-150x150.jpg 150w, https:\/\/www.holzereck.com\/wp-content\/uploads\/2020\/03\/IMG_2318-1-e1584613208198-100x100.jpg 100w\" sizes=\"100vw\" \/><\/a>\n\t\t\t<\/div><\/figure><figure class='gallery-item'>\n\t\t\t<div class='gallery-icon portrait'>\n\t\t\t\t<a href='https:\/\/www.holzereck.com\/wp-content\/uploads\/2020\/03\/IMG_3869-2-e1584613287151.jpg' rel=\"lightbox[2442]\"><img loading=\"lazy\" decoding=\"async\" width=\"150\" height=\"150\" src=\"https:\/\/www.holzereck.com\/wp-content\/uploads\/2020\/03\/IMG_3869-2-e1584613287151-150x150.jpg\" class=\"attachment-thumbnail size-thumbnail\" alt=\"\" srcset=\"https:\/\/www.holzereck.com\/wp-content\/uploads\/2020\/03\/IMG_3869-2-e1584613287151-150x150.jpg 150w, https:\/\/www.holzereck.com\/wp-content\/uploads\/2020\/03\/IMG_3869-2-e1584613287151-100x100.jpg 100w\" sizes=\"100vw\" \/><\/a>\n\t\t\t<\/div><\/figure><figure class='gallery-item'>\n\t\t\t<div class='gallery-icon landscape'>\n\t\t\t\t<a href='https:\/\/www.holzereck.com\/wp-content\/uploads\/2020\/03\/IMG_0374-1.jpg' rel=\"lightbox[2442]\"><img loading=\"lazy\" decoding=\"async\" width=\"150\" height=\"150\" src=\"https:\/\/www.holzereck.com\/wp-content\/uploads\/2020\/03\/IMG_0374-1-150x150.jpg\" class=\"attachment-thumbnail size-thumbnail\" alt=\"\" srcset=\"https:\/\/www.holzereck.com\/wp-content\/uploads\/2020\/03\/IMG_0374-1-150x150.jpg 150w, https:\/\/www.holzereck.com\/wp-content\/uploads\/2020\/03\/IMG_0374-1-100x100.jpg 100w\" sizes=\"100vw\" \/><\/a>\n\t\t\t<\/div><\/figure><figure class='gallery-item'>\n\t\t\t<div class='gallery-icon landscape'>\n\t\t\t\t<a href='https:\/\/www.holzereck.com\/wp-content\/uploads\/2020\/03\/IMG_3868-1.jpg' rel=\"lightbox[2442]\"><img loading=\"lazy\" decoding=\"async\" width=\"150\" height=\"150\" src=\"https:\/\/www.holzereck.com\/wp-content\/uploads\/2020\/03\/IMG_3868-1-150x150.jpg\" class=\"attachment-thumbnail size-thumbnail\" alt=\"\" srcset=\"https:\/\/www.holzereck.com\/wp-content\/uploads\/2020\/03\/IMG_3868-1-150x150.jpg 150w, https:\/\/www.holzereck.com\/wp-content\/uploads\/2020\/03\/IMG_3868-1-100x100.jpg 100w\" sizes=\"100vw\" \/><\/a>\n\t\t\t<\/div><\/figure><figure class='gallery-item'>\n\t\t\t<div class='gallery-icon portrait'>\n\t\t\t\t<a href='https:\/\/www.holzereck.com\/wp-content\/uploads\/2020\/03\/IMG_3870-1-e1584613299923.jpg' rel=\"lightbox[2442]\"><img loading=\"lazy\" decoding=\"async\" width=\"150\" height=\"150\" src=\"https:\/\/www.holzereck.com\/wp-content\/uploads\/2020\/03\/IMG_3870-1-e1584613299923-150x150.jpg\" class=\"attachment-thumbnail size-thumbnail\" alt=\"\" srcset=\"https:\/\/www.holzereck.com\/wp-content\/uploads\/2020\/03\/IMG_3870-1-e1584613299923-150x150.jpg 150w, https:\/\/www.holzereck.com\/wp-content\/uploads\/2020\/03\/IMG_3870-1-e1584613299923-100x100.jpg 100w\" sizes=\"100vw\" \/><\/a>\n\t\t\t<\/div><\/figure><figure class='gallery-item'>\n\t\t\t<div class='gallery-icon landscape'>\n\t\t\t\t<a href='https:\/\/www.holzereck.com\/wp-content\/uploads\/2020\/03\/IMG_3873-1.jpg' rel=\"lightbox[2442]\"><img loading=\"lazy\" decoding=\"async\" width=\"150\" height=\"150\" src=\"https:\/\/www.holzereck.com\/wp-content\/uploads\/2020\/03\/IMG_3873-1-150x150.jpg\" class=\"attachment-thumbnail size-thumbnail\" alt=\"\" srcset=\"https:\/\/www.holzereck.com\/wp-content\/uploads\/2020\/03\/IMG_3873-1-150x150.jpg 150w, https:\/\/www.holzereck.com\/wp-content\/uploads\/2020\/03\/IMG_3873-1-100x100.jpg 100w\" sizes=\"100vw\" \/><\/a>\n\t\t\t<\/div><\/figure><figure class='gallery-item'>\n\t\t\t<div class='gallery-icon landscape'>\n\t\t\t\t<a href='https:\/\/www.holzereck.com\/wp-content\/uploads\/2020\/07\/IMG_46912-1.jpg' rel=\"lightbox[2442]\"><img loading=\"lazy\" decoding=\"async\" width=\"150\" height=\"150\" src=\"https:\/\/www.holzereck.com\/wp-content\/uploads\/2020\/07\/IMG_46912-1-150x150.jpg\" class=\"attachment-thumbnail size-thumbnail\" alt=\"\" srcset=\"https:\/\/www.holzereck.com\/wp-content\/uploads\/2020\/07\/IMG_46912-1-150x150.jpg 150w, https:\/\/www.holzereck.com\/wp-content\/uploads\/2020\/07\/IMG_46912-1-100x100.jpg 100w\" sizes=\"100vw\" \/><\/a>\n\t\t\t<\/div><\/figure><figure class='gallery-item'>\n\t\t\t<div class='gallery-icon landscape'>\n\t\t\t\t<a href='https:\/\/www.holzereck.com\/wp-content\/uploads\/2020\/07\/IMG_4693-1.jpg' rel=\"lightbox[2442]\"><img loading=\"lazy\" decoding=\"async\" width=\"150\" height=\"150\" src=\"https:\/\/www.holzereck.com\/wp-content\/uploads\/2020\/07\/IMG_4693-1-150x150.jpg\" class=\"attachment-thumbnail size-thumbnail\" alt=\"\" srcset=\"https:\/\/www.holzereck.com\/wp-content\/uploads\/2020\/07\/IMG_4693-1-150x150.jpg 150w, https:\/\/www.holzereck.com\/wp-content\/uploads\/2020\/07\/IMG_4693-1-100x100.jpg 100w\" sizes=\"100vw\" \/><\/a>\n\t\t\t<\/div><\/figure><figure class='gallery-item'>\n\t\t\t<div class='gallery-icon landscape'>\n\t\t\t\t<a href='https:\/\/www.holzereck.com\/wp-content\/uploads\/2023\/05\/IMG_9092-2-scaled.jpg' rel=\"lightbox[2442]\"><img loading=\"lazy\" decoding=\"async\" width=\"150\" height=\"150\" src=\"https:\/\/www.holzereck.com\/wp-content\/uploads\/2023\/05\/IMG_9092-2-150x150.jpg\" class=\"attachment-thumbnail size-thumbnail\" alt=\"\" srcset=\"https:\/\/www.holzereck.com\/wp-content\/uploads\/2023\/05\/IMG_9092-2-150x150.jpg 150w, https:\/\/www.holzereck.com\/wp-content\/uploads\/2023\/05\/IMG_9092-2-100x100.jpg 100w\" sizes=\"100vw\" \/><\/a>\n\t\t\t<\/div><\/figure><figure class='gallery-item'>\n\t\t\t<div class='gallery-icon landscape'>\n\t\t\t\t<a href='https:\/\/www.holzereck.com\/wp-content\/uploads\/2023\/05\/IMG_9094-2-scaled.jpg' rel=\"lightbox[2442]\"><img loading=\"lazy\" decoding=\"async\" width=\"150\" height=\"150\" src=\"https:\/\/www.holzereck.com\/wp-content\/uploads\/2023\/05\/IMG_9094-2-150x150.jpg\" class=\"attachment-thumbnail size-thumbnail\" alt=\"\" srcset=\"https:\/\/www.holzereck.com\/wp-content\/uploads\/2023\/05\/IMG_9094-2-150x150.jpg 150w, https:\/\/www.holzereck.com\/wp-content\/uploads\/2023\/05\/IMG_9094-2-100x100.jpg 100w\" sizes=\"100vw\" \/><\/a>\n\t\t\t<\/div><\/figure><figure class='gallery-item'>\n\t\t\t<div class='gallery-icon portrait'>\n\t\t\t\t<a href='https:\/\/www.holzereck.com\/wp-content\/uploads\/2023\/05\/IMG_9096-2-scaled.jpg' rel=\"lightbox[2442]\"><img loading=\"lazy\" decoding=\"async\" width=\"150\" height=\"150\" src=\"https:\/\/www.holzereck.com\/wp-content\/uploads\/2023\/05\/IMG_9096-2-150x150.jpg\" class=\"attachment-thumbnail size-thumbnail\" alt=\"\" srcset=\"https:\/\/www.holzereck.com\/wp-content\/uploads\/2023\/05\/IMG_9096-2-150x150.jpg 150w, https:\/\/www.holzereck.com\/wp-content\/uploads\/2023\/05\/IMG_9096-2-100x100.jpg 100w\" sizes=\"100vw\" \/><\/a>\n\t\t\t<\/div><\/figure><figure class='gallery-item'>\n\t\t\t<div class='gallery-icon landscape'>\n\t\t\t\t<a href='https:\/\/www.holzereck.com\/wp-content\/uploads\/2022\/11\/IMG_8403-2.jpg' rel=\"lightbox[2442]\"><img loading=\"lazy\" decoding=\"async\" width=\"150\" height=\"150\" src=\"https:\/\/www.holzereck.com\/wp-content\/uploads\/2022\/11\/IMG_8403-2-150x150.jpg\" class=\"attachment-thumbnail size-thumbnail\" alt=\"\" srcset=\"https:\/\/www.holzereck.com\/wp-content\/uploads\/2022\/11\/IMG_8403-2-150x150.jpg 150w, https:\/\/www.holzereck.com\/wp-content\/uploads\/2022\/11\/IMG_8403-2-100x100.jpg 100w\" sizes=\"100vw\" \/><\/a>\n\t\t\t<\/div><\/figure><figure class='gallery-item'>\n\t\t\t<div class='gallery-icon landscape'>\n\t\t\t\t<a href='https:\/\/www.holzereck.com\/wp-content\/uploads\/2022\/11\/IMG_8405-2.jpg' rel=\"lightbox[2442]\"><img loading=\"lazy\" decoding=\"async\" width=\"150\" height=\"150\" src=\"https:\/\/www.holzereck.com\/wp-content\/uploads\/2022\/11\/IMG_8405-2-150x150.jpg\" class=\"attachment-thumbnail size-thumbnail\" alt=\"\" srcset=\"https:\/\/www.holzereck.com\/wp-content\/uploads\/2022\/11\/IMG_8405-2-150x150.jpg 150w, https:\/\/www.holzereck.com\/wp-content\/uploads\/2022\/11\/IMG_8405-2-100x100.jpg 100w\" sizes=\"100vw\" \/><\/a>\n\t\t\t<\/div><\/figure><figure class='gallery-item'>\n\t\t\t<div class='gallery-icon portrait'>\n\t\t\t\t<a href='https:\/\/www.holzereck.com\/wp-content\/uploads\/2020\/03\/IMG_0381-1-e1584613185540.jpg' rel=\"lightbox[2442]\"><img loading=\"lazy\" decoding=\"async\" width=\"150\" height=\"150\" src=\"https:\/\/www.holzereck.com\/wp-content\/uploads\/2020\/03\/IMG_0381-1-e1584613185540-150x150.jpg\" class=\"attachment-thumbnail size-thumbnail\" alt=\"\" srcset=\"https:\/\/www.holzereck.com\/wp-content\/uploads\/2020\/03\/IMG_0381-1-e1584613185540-150x150.jpg 150w, https:\/\/www.holzereck.com\/wp-content\/uploads\/2020\/03\/IMG_0381-1-e1584613185540-100x100.jpg 100w\" sizes=\"100vw\" \/><\/a>\n\t\t\t<\/div><\/figure><figure class='gallery-item'>\n\t\t\t<div class='gallery-icon portrait'>\n\t\t\t\t<a href='https:\/\/www.holzereck.com\/wp-content\/uploads\/2020\/03\/IMG_0379-1-e1584613169262.jpg' rel=\"lightbox[2442]\"><img loading=\"lazy\" decoding=\"async\" width=\"150\" height=\"150\" src=\"https:\/\/www.holzereck.com\/wp-content\/uploads\/2020\/03\/IMG_0379-1-e1584613169262-150x150.jpg\" class=\"attachment-thumbnail size-thumbnail\" alt=\"\" srcset=\"https:\/\/www.holzereck.com\/wp-content\/uploads\/2020\/03\/IMG_0379-1-e1584613169262-150x150.jpg 150w, https:\/\/www.holzereck.com\/wp-content\/uploads\/2020\/03\/IMG_0379-1-e1584613169262-100x100.jpg 100w\" sizes=\"100vw\" \/><\/a>\n\t\t\t<\/div><\/figure><figure class='gallery-item'>\n\t\t\t<div class='gallery-icon portrait'>\n\t\t\t\t<a href='https:\/\/www.holzereck.com\/wp-content\/uploads\/2020\/03\/Wetterstein-1.jpg' rel=\"lightbox[2442]\"><img loading=\"lazy\" decoding=\"async\" width=\"150\" height=\"150\" src=\"https:\/\/www.holzereck.com\/wp-content\/uploads\/2020\/03\/Wetterstein-1-150x150.jpg\" class=\"attachment-thumbnail size-thumbnail\" alt=\"\" srcset=\"https:\/\/www.holzereck.com\/wp-content\/uploads\/2020\/03\/Wetterstein-1-150x150.jpg 150w, https:\/\/www.holzereck.com\/wp-content\/uploads\/2020\/03\/Wetterstein-1-100x100.jpg 100w\" sizes=\"100vw\" \/><\/a>\n\t\t\t<\/div><\/figure><figure class='gallery-item'>\n\t\t\t<div class='gallery-icon landscape'>\n\t\t\t\t<a href='https:\/\/www.holzereck.com\/wp-content\/uploads\/2020\/03\/IMG_0387-1.jpg' rel=\"lightbox[2442]\"><img loading=\"lazy\" decoding=\"async\" width=\"150\" height=\"150\" src=\"https:\/\/www.holzereck.com\/wp-content\/uploads\/2020\/03\/IMG_0387-1-150x150.jpg\" class=\"attachment-thumbnail size-thumbnail\" alt=\"\" srcset=\"https:\/\/www.holzereck.com\/wp-content\/uploads\/2020\/03\/IMG_0387-1-150x150.jpg 150w, https:\/\/www.holzereck.com\/wp-content\/uploads\/2020\/03\/IMG_0387-1-100x100.jpg 100w\" sizes=\"100vw\" \/><\/a>\n\t\t\t<\/div><\/figure><figure class='gallery-item'>\n\t\t\t<div class='gallery-icon portrait'>\n\t\t\t\t<a href='https:\/\/www.holzereck.com\/wp-content\/uploads\/2020\/03\/IMG_0392-1-e1584613390157.jpg' rel=\"lightbox[2442]\"><img loading=\"lazy\" decoding=\"async\" width=\"150\" height=\"150\" src=\"https:\/\/www.holzereck.com\/wp-content\/uploads\/2020\/03\/IMG_0392-1-e1584613390157-150x150.jpg\" class=\"attachment-thumbnail size-thumbnail\" alt=\"\" srcset=\"https:\/\/www.holzereck.com\/wp-content\/uploads\/2020\/03\/IMG_0392-1-e1584613390157-150x150.jpg 150w, https:\/\/www.holzereck.com\/wp-content\/uploads\/2020\/03\/IMG_0392-1-e1584613390157-100x100.jpg 100w\" sizes=\"100vw\" \/><\/a>\n\t\t\t<\/div><\/figure><figure class='gallery-item'>\n\t\t\t<div class='gallery-icon portrait'>\n\t\t\t\t<a href='https:\/\/www.holzereck.com\/wp-content\/uploads\/2020\/03\/IMG_0393-1-e1584613403866.jpg' rel=\"lightbox[2442]\"><img loading=\"lazy\" decoding=\"async\" width=\"150\" height=\"150\" src=\"https:\/\/www.holzereck.com\/wp-content\/uploads\/2020\/03\/IMG_0393-1-e1584613403866-150x150.jpg\" class=\"attachment-thumbnail size-thumbnail\" alt=\"\" srcset=\"https:\/\/www.holzereck.com\/wp-content\/uploads\/2020\/03\/IMG_0393-1-e1584613403866-150x150.jpg 150w, https:\/\/www.holzereck.com\/wp-content\/uploads\/2020\/03\/IMG_0393-1-e1584613403866-100x100.jpg 100w\" sizes=\"100vw\" \/><\/a>\n\t\t\t<\/div><\/figure>\n\t\t<\/div>\n\n","protected":false},"excerpt":{"rendered":"<p>55m\u00b2 Wohnung im 1. Stock mit einer sehr grosse Terrasse\/Balkon mit herrlichem Blick auf das Wettersteingebirge und die Sonnenspitze. Ausstattung: Diele, Wohnzimmer mit K\u00fcche (inkl Geschirrsp\u00fcler), Essbereich und Couch, Schlafzimmer mit 1 Etagenbett und 1 Einzelbett, Schlafzimmer mit Doppelbett, ger\u00e4umiges Badezimmer mit Dusche, Doppelwaschbecken und F\u00f6hn, separates WC mit 2. Dusche.<\/p>\n","protected":false},"author":1,"featured_media":0,"parent":2196,"menu_order":3,"comment_status":"closed","ping_status":"closed","template":"","meta":{"ngg_post_thumbnail":0,"footnotes":""},"class_list":["post-2442","page","type-page","status-publish","hentry"],"_links":{"self":[{"href":"https:\/\/www.holzereck.com\/index.php?rest_route=\/wp\/v2\/pages\/2442"}],"collection":[{"href":"https:\/\/www.holzereck.com\/index.php?rest_route=\/wp\/v2\/pages"}],"about":[{"href":"https:\/\/www.holzereck.com\/index.php?rest_route=\/wp\/v2\/types\/page"}],"author":[{"embeddable":true,"href":"https:\/\/www.holzereck.com\/index.php?rest_route=\/wp\/v2\/users\/1"}],"replies":[{"embeddable":true,"href":"https:\/\/www.holzereck.com\/index.php?rest_route=%2Fwp%2Fv2%2Fcomments&post=2442"}],"version-history":[{"count":8,"href":"https:\/\/www.holzereck.com\/index.php?rest_route=\/wp\/v2\/pages\/2442\/revisions"}],"predecessor-version":[{"id":6477,"href":"https:\/\/www.holzereck.com\/index.php?rest_route=\/wp\/v2\/pages\/2442\/revisions\/6477"}],"up":[{"embeddable":true,"href":"https:\/\/www.holzereck.com\/index.php?rest_route=\/wp\/v2\/pages\/2196"}],"wp:attachment":[{"href":"https:\/\/www.holzereck.com\/index.php?rest_route=%2Fwp%2Fv2%2Fmedia&parent=2442"}],"curies":[{"name":"wp","href":"https:\/\/api.w.org\/{rel}","templated":true}]}}