{"id":2438,"date":"2020-02-27T16:00:38","date_gmt":"2020-02-27T16:00:38","guid":{"rendered":"https:\/\/holzereck.com\/?page_id=2438"},"modified":"2023-12-11T11:13:54","modified_gmt":"2023-12-11T11:13:54","slug":"marienberg-2-4-pers","status":"publish","type":"page","link":"https:\/\/www.holzereck.com\/?page_id=2438&lang=de","title":{"rendered":"Marienberg (2-4 Pers)"},"content":{"rendered":"<p>45m\u00b2<\/p>\n<p>Wohnung im Erdgeschoss mit gro\u00dfe Sonnenterrasse mit herrlichem Blick auf die Sonnenspitze.<\/p>\n<p>Ausstattung:<\/p>\n<p>Diele, Wohnzimmer mit K\u00fcche (inkl Geschirrsp\u00fcler), Essbereich und Couch, Schlafzimmer mit Etagenbett, Schlafzimmer mit Doppelbett, neues Badezimmer mit Dusche, Waschbecken und F\u00f6hn, separates WC.<\/p>\n<div id='gallery-1' class='gallery galleryid-2438 gallery-columns-3 gallery-size-thumbnail'><figure class='gallery-item'>\n\t\t\t<div class='gallery-icon portrait'>\n\t\t\t\t<a href='https:\/\/www.holzereck.com\/wp-content\/uploads\/2020\/03\/IMG_1980-1-e1584611175638.jpg' rel=\"lightbox[2438]\"><img loading=\"lazy\" decoding=\"async\" width=\"150\" height=\"150\" src=\"https:\/\/www.holzereck.com\/wp-content\/uploads\/2020\/03\/IMG_1980-1-e1584611175638-150x150.jpg\" class=\"attachment-thumbnail size-thumbnail\" alt=\"\" srcset=\"https:\/\/www.holzereck.com\/wp-content\/uploads\/2020\/03\/IMG_1980-1-e1584611175638-150x150.jpg 150w, https:\/\/www.holzereck.com\/wp-content\/uploads\/2020\/03\/IMG_1980-1-e1584611175638-100x100.jpg 100w\" sizes=\"100vw\" \/><\/a>\n\t\t\t<\/div><\/figure><figure class='gallery-item'>\n\t\t\t<div class='gallery-icon portrait'>\n\t\t\t\t<a href='https:\/\/www.holzereck.com\/wp-content\/uploads\/2020\/03\/IMG_1982-1-e1584611184115.jpg' rel=\"lightbox[2438]\"><img loading=\"lazy\" decoding=\"async\" width=\"150\" height=\"150\" src=\"https:\/\/www.holzereck.com\/wp-content\/uploads\/2020\/03\/IMG_1982-1-e1584611184115-150x150.jpg\" class=\"attachment-thumbnail size-thumbnail\" alt=\"\" srcset=\"https:\/\/www.holzereck.com\/wp-content\/uploads\/2020\/03\/IMG_1982-1-e1584611184115-150x150.jpg 150w, https:\/\/www.holzereck.com\/wp-content\/uploads\/2020\/03\/IMG_1982-1-e1584611184115-100x100.jpg 100w\" sizes=\"100vw\" \/><\/a>\n\t\t\t<\/div><\/figure><figure class='gallery-item'>\n\t\t\t<div class='gallery-icon landscape'>\n\t\t\t\t<a href='https:\/\/www.holzereck.com\/wp-content\/uploads\/2020\/03\/IMG_2097-1.jpg' rel=\"lightbox[2438]\"><img loading=\"lazy\" decoding=\"async\" width=\"150\" height=\"150\" src=\"https:\/\/www.holzereck.com\/wp-content\/uploads\/2020\/03\/IMG_2097-1-150x150.jpg\" class=\"attachment-thumbnail size-thumbnail\" alt=\"\" srcset=\"https:\/\/www.holzereck.com\/wp-content\/uploads\/2020\/03\/IMG_2097-1-150x150.jpg 150w, https:\/\/www.holzereck.com\/wp-content\/uploads\/2020\/03\/IMG_2097-1-100x100.jpg 100w\" sizes=\"100vw\" \/><\/a>\n\t\t\t<\/div><\/figure><figure class='gallery-item'>\n\t\t\t<div class='gallery-icon landscape'>\n\t\t\t\t<a href='https:\/\/www.holzereck.com\/wp-content\/uploads\/2020\/07\/IMG_4608-2.jpg' rel=\"lightbox[2438]\"><img loading=\"lazy\" decoding=\"async\" width=\"150\" height=\"150\" src=\"https:\/\/www.holzereck.com\/wp-content\/uploads\/2020\/07\/IMG_4608-2-150x150.jpg\" class=\"attachment-thumbnail size-thumbnail\" alt=\"\" srcset=\"https:\/\/www.holzereck.com\/wp-content\/uploads\/2020\/07\/IMG_4608-2-150x150.jpg 150w, https:\/\/www.holzereck.com\/wp-content\/uploads\/2020\/07\/IMG_4608-2-100x100.jpg 100w\" sizes=\"100vw\" \/><\/a>\n\t\t\t<\/div><\/figure><figure class='gallery-item'>\n\t\t\t<div class='gallery-icon landscape'>\n\t\t\t\t<a href='https:\/\/www.holzereck.com\/wp-content\/uploads\/2020\/07\/IMG_4610-2.jpg' rel=\"lightbox[2438]\"><img loading=\"lazy\" decoding=\"async\" width=\"150\" height=\"150\" src=\"https:\/\/www.holzereck.com\/wp-content\/uploads\/2020\/07\/IMG_4610-2-150x150.jpg\" class=\"attachment-thumbnail size-thumbnail\" alt=\"\" srcset=\"https:\/\/www.holzereck.com\/wp-content\/uploads\/2020\/07\/IMG_4610-2-150x150.jpg 150w, https:\/\/www.holzereck.com\/wp-content\/uploads\/2020\/07\/IMG_4610-2-100x100.jpg 100w\" sizes=\"100vw\" \/><\/a>\n\t\t\t<\/div><\/figure><figure class='gallery-item'>\n\t\t\t<div class='gallery-icon portrait'>\n\t\t\t\t<a href='https:\/\/www.holzereck.com\/wp-content\/uploads\/2020\/03\/IMG_1993-1-e1584611192940.jpg' rel=\"lightbox[2438]\"><img loading=\"lazy\" decoding=\"async\" width=\"150\" height=\"150\" src=\"https:\/\/www.holzereck.com\/wp-content\/uploads\/2020\/03\/IMG_1993-1-e1584611192940-150x150.jpg\" class=\"attachment-thumbnail size-thumbnail\" alt=\"\" srcset=\"https:\/\/www.holzereck.com\/wp-content\/uploads\/2020\/03\/IMG_1993-1-e1584611192940-150x150.jpg 150w, https:\/\/www.holzereck.com\/wp-content\/uploads\/2020\/03\/IMG_1993-1-e1584611192940-100x100.jpg 100w\" sizes=\"100vw\" \/><\/a>\n\t\t\t<\/div><\/figure><figure class='gallery-item'>\n\t\t\t<div class='gallery-icon portrait'>\n\t\t\t\t<a href='https:\/\/www.holzereck.com\/wp-content\/uploads\/2023\/12\/IMG_0026-1-scaled.jpg' rel=\"lightbox[2438]\"><img loading=\"lazy\" decoding=\"async\" width=\"150\" height=\"150\" src=\"https:\/\/www.holzereck.com\/wp-content\/uploads\/2023\/12\/IMG_0026-1-150x150.jpg\" class=\"attachment-thumbnail size-thumbnail\" alt=\"\" srcset=\"https:\/\/www.holzereck.com\/wp-content\/uploads\/2023\/12\/IMG_0026-1-150x150.jpg 150w, https:\/\/www.holzereck.com\/wp-content\/uploads\/2023\/12\/IMG_0026-1-100x100.jpg 100w\" sizes=\"100vw\" \/><\/a>\n\t\t\t<\/div><\/figure><figure class='gallery-item'>\n\t\t\t<div class='gallery-icon portrait'>\n\t\t\t\t<a href='https:\/\/www.holzereck.com\/wp-content\/uploads\/2023\/12\/IMG_0025-1-scaled.jpg' rel=\"lightbox[2438]\"><img loading=\"lazy\" decoding=\"async\" width=\"150\" height=\"150\" src=\"https:\/\/www.holzereck.com\/wp-content\/uploads\/2023\/12\/IMG_0025-1-150x150.jpg\" class=\"attachment-thumbnail size-thumbnail\" alt=\"\" srcset=\"https:\/\/www.holzereck.com\/wp-content\/uploads\/2023\/12\/IMG_0025-1-150x150.jpg 150w, https:\/\/www.holzereck.com\/wp-content\/uploads\/2023\/12\/IMG_0025-1-100x100.jpg 100w\" sizes=\"100vw\" \/><\/a>\n\t\t\t<\/div><\/figure><figure class='gallery-item'>\n\t\t\t<div class='gallery-icon portrait'>\n\t\t\t\t<a href='https:\/\/www.holzereck.com\/wp-content\/uploads\/2020\/03\/IMG_2113-1-e1584611222796.jpg' rel=\"lightbox[2438]\"><img loading=\"lazy\" decoding=\"async\" width=\"150\" height=\"150\" src=\"https:\/\/www.holzereck.com\/wp-content\/uploads\/2020\/03\/IMG_2113-1-e1584611222796-150x150.jpg\" class=\"attachment-thumbnail size-thumbnail\" alt=\"\" srcset=\"https:\/\/www.holzereck.com\/wp-content\/uploads\/2020\/03\/IMG_2113-1-e1584611222796-150x150.jpg 150w, https:\/\/www.holzereck.com\/wp-content\/uploads\/2020\/03\/IMG_2113-1-e1584611222796-100x100.jpg 100w\" sizes=\"100vw\" \/><\/a>\n\t\t\t<\/div><\/figure><figure class='gallery-item'>\n\t\t\t<div class='gallery-icon portrait'>\n\t\t\t\t<a href='https:\/\/www.holzereck.com\/wp-content\/uploads\/2020\/03\/IMG_0520-1-e1584611147232.jpg' rel=\"lightbox[2438]\"><img loading=\"lazy\" decoding=\"async\" width=\"150\" height=\"150\" src=\"https:\/\/www.holzereck.com\/wp-content\/uploads\/2020\/03\/IMG_0520-1-e1584611147232-150x150.jpg\" class=\"attachment-thumbnail size-thumbnail\" alt=\"\" srcset=\"https:\/\/www.holzereck.com\/wp-content\/uploads\/2020\/03\/IMG_0520-1-e1584611147232-150x150.jpg 150w, https:\/\/www.holzereck.com\/wp-content\/uploads\/2020\/03\/IMG_0520-1-e1584611147232-100x100.jpg 100w\" sizes=\"100vw\" \/><\/a>\n\t\t\t<\/div><\/figure><figure class='gallery-item'>\n\t\t\t<div class='gallery-icon portrait'>\n\t\t\t\t<a href='https:\/\/www.holzereck.com\/wp-content\/uploads\/2020\/03\/IMG_0522-1-e1584611156243.jpg' rel=\"lightbox[2438]\"><img loading=\"lazy\" decoding=\"async\" width=\"150\" height=\"150\" src=\"https:\/\/www.holzereck.com\/wp-content\/uploads\/2020\/03\/IMG_0522-1-e1584611156243-150x150.jpg\" class=\"attachment-thumbnail size-thumbnail\" alt=\"\" srcset=\"https:\/\/www.holzereck.com\/wp-content\/uploads\/2020\/03\/IMG_0522-1-e1584611156243-150x150.jpg 150w, https:\/\/www.holzereck.com\/wp-content\/uploads\/2020\/03\/IMG_0522-1-e1584611156243-100x100.jpg 100w\" sizes=\"100vw\" \/><\/a>\n\t\t\t<\/div><\/figure><figure class='gallery-item'>\n\t\t\t<div class='gallery-icon portrait'>\n\t\t\t\t<a href='https:\/\/www.holzereck.com\/wp-content\/uploads\/2020\/03\/IMG_0525-1-e1584611165376.jpg' rel=\"lightbox[2438]\"><img loading=\"lazy\" decoding=\"async\" width=\"150\" height=\"150\" src=\"https:\/\/www.holzereck.com\/wp-content\/uploads\/2020\/03\/IMG_0525-1-e1584611165376-150x150.jpg\" class=\"attachment-thumbnail size-thumbnail\" alt=\"\" srcset=\"https:\/\/www.holzereck.com\/wp-content\/uploads\/2020\/03\/IMG_0525-1-e1584611165376-150x150.jpg 150w, https:\/\/www.holzereck.com\/wp-content\/uploads\/2020\/03\/IMG_0525-1-e1584611165376-100x100.jpg 100w\" sizes=\"100vw\" \/><\/a>\n\t\t\t<\/div><\/figure><figure class='gallery-item'>\n\t\t\t<div class='gallery-icon portrait'>\n\t\t\t\t<a href='https:\/\/www.holzereck.com\/wp-content\/uploads\/2020\/03\/Marienberg-1.jpg' rel=\"lightbox[2438]\"><img loading=\"lazy\" decoding=\"async\" width=\"150\" height=\"150\" src=\"https:\/\/www.holzereck.com\/wp-content\/uploads\/2020\/03\/Marienberg-1-150x150.jpg\" class=\"attachment-thumbnail size-thumbnail\" alt=\"\" srcset=\"https:\/\/www.holzereck.com\/wp-content\/uploads\/2020\/03\/Marienberg-1-150x150.jpg 150w, https:\/\/www.holzereck.com\/wp-content\/uploads\/2020\/03\/Marienberg-1-100x100.jpg 100w\" sizes=\"100vw\" \/><\/a>\n\t\t\t<\/div><\/figure><figure class='gallery-item'>\n\t\t\t<div class='gallery-icon portrait'>\n\t\t\t\t<a href='https:\/\/www.holzereck.com\/wp-content\/uploads\/2020\/03\/IMG_41462-2-e1584626863111.jpg' rel=\"lightbox[2438]\"><img loading=\"lazy\" decoding=\"async\" width=\"150\" height=\"150\" src=\"https:\/\/www.holzereck.com\/wp-content\/uploads\/2020\/03\/IMG_41462-2-e1584626863111-150x150.jpg\" class=\"attachment-thumbnail size-thumbnail\" alt=\"\" srcset=\"https:\/\/www.holzereck.com\/wp-content\/uploads\/2020\/03\/IMG_41462-2-e1584626863111-150x150.jpg 150w, https:\/\/www.holzereck.com\/wp-content\/uploads\/2020\/03\/IMG_41462-2-e1584626863111-100x100.jpg 100w\" sizes=\"100vw\" \/><\/a>\n\t\t\t<\/div><\/figure><figure class='gallery-item'>\n\t\t\t<div class='gallery-icon portrait'>\n\t\t\t\t<a href='https:\/\/www.holzereck.com\/wp-content\/uploads\/2020\/03\/IMG_41472-2-e1584626870807.jpg' rel=\"lightbox[2438]\"><img loading=\"lazy\" decoding=\"async\" width=\"150\" height=\"150\" src=\"https:\/\/www.holzereck.com\/wp-content\/uploads\/2020\/03\/IMG_41472-2-e1584626870807-150x150.jpg\" class=\"attachment-thumbnail size-thumbnail\" alt=\"\" srcset=\"https:\/\/www.holzereck.com\/wp-content\/uploads\/2020\/03\/IMG_41472-2-e1584626870807-150x150.jpg 150w, https:\/\/www.holzereck.com\/wp-content\/uploads\/2020\/03\/IMG_41472-2-e1584626870807-100x100.jpg 100w\" sizes=\"100vw\" \/><\/a>\n\t\t\t<\/div><\/figure><figure class='gallery-item'>\n\t\t\t<div class='gallery-icon landscape'>\n\t\t\t\t<a href='https:\/\/www.holzereck.com\/wp-content\/uploads\/2020\/03\/IMG_41482-2.jpg' rel=\"lightbox[2438]\"><img loading=\"lazy\" decoding=\"async\" width=\"150\" height=\"150\" src=\"https:\/\/www.holzereck.com\/wp-content\/uploads\/2020\/03\/IMG_41482-2-150x150.jpg\" class=\"attachment-thumbnail size-thumbnail\" alt=\"\" srcset=\"https:\/\/www.holzereck.com\/wp-content\/uploads\/2020\/03\/IMG_41482-2-150x150.jpg 150w, https:\/\/www.holzereck.com\/wp-content\/uploads\/2020\/03\/IMG_41482-2-100x100.jpg 100w\" sizes=\"100vw\" \/><\/a>\n\t\t\t<\/div><\/figure>\n\t\t<\/div>\n\n","protected":false},"excerpt":{"rendered":"<p>45m\u00b2 Wohnung im Erdgeschoss mit gro\u00dfe Sonnenterrasse mit herrlichem Blick auf die Sonnenspitze. Ausstattung: Diele, Wohnzimmer mit K\u00fcche (inkl Geschirrsp\u00fcler), Essbereich und Couch, Schlafzimmer mit Etagenbett, Schlafzimmer mit Doppelbett, neues Badezimmer mit Dusche, Waschbecken und F\u00f6hn, separates WC.<\/p>\n","protected":false},"author":1,"featured_media":0,"parent":2196,"menu_order":2,"comment_status":"closed","ping_status":"closed","template":"","meta":{"ngg_post_thumbnail":0,"footnotes":""},"class_list":["post-2438","page","type-page","status-publish","hentry"],"_links":{"self":[{"href":"https:\/\/www.holzereck.com\/index.php?rest_route=\/wp\/v2\/pages\/2438"}],"collection":[{"href":"https:\/\/www.holzereck.com\/index.php?rest_route=\/wp\/v2\/pages"}],"about":[{"href":"https:\/\/www.holzereck.com\/index.php?rest_route=\/wp\/v2\/types\/page"}],"author":[{"embeddable":true,"href":"https:\/\/www.holzereck.com\/index.php?rest_route=\/wp\/v2\/users\/1"}],"replies":[{"embeddable":true,"href":"https:\/\/www.holzereck.com\/index.php?rest_route=%2Fwp%2Fv2%2Fcomments&post=2438"}],"version-history":[{"count":8,"href":"https:\/\/www.holzereck.com\/index.php?rest_route=\/wp\/v2\/pages\/2438\/revisions"}],"predecessor-version":[{"id":6750,"href":"https:\/\/www.holzereck.com\/index.php?rest_route=\/wp\/v2\/pages\/2438\/revisions\/6750"}],"up":[{"embeddable":true,"href":"https:\/\/www.holzereck.com\/index.php?rest_route=\/wp\/v2\/pages\/2196"}],"wp:attachment":[{"href":"https:\/\/www.holzereck.com\/index.php?rest_route=%2Fwp%2Fv2%2Fmedia&parent=2438"}],"curies":[{"name":"wp","href":"https:\/\/api.w.org\/{rel}","templated":true}]}}