{"id":2304,"date":"2019-10-15T16:41:04","date_gmt":"2019-10-15T16:41:04","guid":{"rendered":"https:\/\/holzereck.com\/?page_id=2304"},"modified":"2026-03-02T15:32:16","modified_gmt":"2026-03-02T15:32:16","slug":"preise-2020-2021","status":"publish","type":"page","link":"https:\/\/www.holzereck.com\/?page_id=2304&lang=de","title":{"rendered":"Preise 2027"},"content":{"rendered":"<table width=\"760\">\n<tbody>\n<tr>\n<td width=\"103\">&nbsp;<\/td>\n<td width=\"46\">&nbsp;<\/td>\n<td width=\"109\"><strong>Endreinigung<\/strong><\/td>\n<td width=\"135\"><strong>Winter Hochsaison<\/strong><\/td>\n<td width=\"112\"><strong>Sommer<\/strong><\/td>\n<td width=\"146\"><strong>Winter Zwischensaison<\/strong><\/td>\n<td width=\"109\"><strong>Nachsaison<\/strong><\/td>\n<\/tr>\n<tr>\n<td><strong>Erdgeschoss<\/strong><\/td>\n<td>&nbsp;<\/td>\n<td>&nbsp;<\/td>\n<td>&nbsp;<\/td>\n<td>&nbsp;<\/td>\n<td>&nbsp;<\/td>\n<td>&nbsp;<\/td>\n<\/tr>\n<tr>\n<td>&nbsp;<\/td>\n<td>&nbsp;<\/td>\n<td>&nbsp;<\/td>\n<td>&nbsp;<\/td>\n<td>&nbsp;<\/td>\n<td>&nbsp;<\/td>\n<td>&nbsp;<\/td>\n<\/tr>\n<tr>\n<td>Marienberg<\/td>\n<td>45m\u00b2<\/td>\n<td>55 Euro<\/td>\n<td>155 Euro\/Nacht<\/td>\n<td>125 Euro\/Nacht<\/td>\n<td>140 Euro\/Nacht<\/td>\n<td>105 Euro\/Nacht<\/td>\n<\/tr>\n<tr>\n<td><strong>1. Stock<\/strong><\/td>\n<td>&nbsp;<\/td>\n<td>&nbsp;<\/td>\n<td>&nbsp;<\/td>\n<td>&nbsp;<\/td>\n<td>&nbsp;<\/td>\n<td>&nbsp;<\/td>\n<\/tr>\n<tr>\n<td>Wetterstein<\/td>\n<td>55m\u00b2<\/td>\n<td>65 Euro<\/td>\n<td>175 Euro\/Nacht<\/td>\n<td>145 Euro\/Nacht<\/td>\n<td>155 Euro\/Nacht<\/td>\n<td>125 Euro\/Nacht<\/td>\n<\/tr>\n<tr>\n<td>Daniel<\/td>\n<td>36m\u00b2<\/td>\n<td>50 Euro<\/td>\n<td>145 Euro\/Nacht<\/td>\n<td>115 Euro\/Nacht<\/td>\n<td>130 Euro\/Nacht<\/td>\n<td>95 Euro\/Nacht<\/td>\n<\/tr>\n<tr>\n<td>Zugspitz (2p)<\/td>\n<td>18m\u00b2<\/td>\n<td>30 Euro<\/td>\n<td>105 Euro\/Nacht<\/td>\n<td>90 Euro\/Nacht<\/td>\n<td>95 Euro\/Nacht<\/td>\n<td>75 Euro\/Nacht<\/td>\n<\/tr>\n<tr>\n<td>Zugspitz (1p)<\/td>\n<td>18m\u00b2<\/td>\n<td>30 Euro<\/td>\n<td>95 Euro\/Nacht<\/td>\n<td>80 Euro\/Nacht<\/td>\n<td>85 Euro\/Nacht<\/td>\n<td>65 Euro\/Nacht<\/td>\n<\/tr>\n<tr>\n<td><strong>2. Stock<\/strong><\/td>\n<td>&nbsp;<\/td>\n<td>&nbsp;<\/td>\n<td>&nbsp;<\/td>\n<td>&nbsp;<\/td>\n<td>&nbsp;<\/td>\n<td>&nbsp;<\/td>\n<\/tr>\n<tr>\n<td>Sonnenspitz<\/td>\n<td>40m\u00b2<\/td>\n<td>50 Euro<\/td>\n<td>145 Euro\/Nacht<\/td>\n<td>115 Euro\/Nacht<\/td>\n<td>130 Euro\/Nacht<\/td>\n<td>95 Euro\/Nacht<\/td>\n<\/tr>\n<tr>\n<td>Grubigstein<\/td>\n<td>40m\u00b2<\/td>\n<td>50 Euro<\/td>\n<td>145 Euro\/Nacht<\/td>\n<td>115 Euro\/Nacht<\/td>\n<td>130 Euro\/Nacht<\/td>\n<td>95 Euro\/Nacht<\/td>\n<\/tr>\n<\/tbody>\n<\/table>\n<p><strong>Die Preise verstehen sich ohne Verpflegung pro Apartment\/Nacht f\u00fcr 2 Personen, sofern nicht anders angegeben.<\/strong><\/p>\n<p><strong>Jede weitere Person kostet 19 Euro\/Nacht.<\/strong><\/p>\n<p><strong>Die angef\u00fchrten Preise verstehen sich exklusiv 3 Euro Ortstaxe pro Person\/Tag (ab 15 Jahren) und einmalige Endreinigungsgeb\u00fchr laut Preisliste.<\/strong><\/p>\n<p><strong>Bettw\u00e4sche, Handt\u00fccher und K\u00fcchent\u00fccher sind inklusiv.&nbsp; Einen extra Handtuchwechsel ist gegen Aufpreis m\u00f6glich.<\/strong><\/p>\n<ul>\n<li>Winter Hochsaison:&nbsp; 18\/12\/2026-09\/01\/2027, 30\/01\/2027-28\/02\/2027<\/li>\n<li>Sommer: 18\/06\/2027-04\/09\/2027<\/li>\n<li>Winter Zwischensaison: 11\/12\/26-17\/12\/26, 10\/01\/2027-29\/01\/2027, 01\/03\/2027-10\/04\/2027 und 10\/12\/2027-16\/12\/2027<\/li>\n<li>Nachsaison: 11\/04\/2027-17\/06\/2027 en 05\/09\/2027-09\/12\/2027<\/li>\n<\/ul>\n","protected":false},"excerpt":{"rendered":"<p>&nbsp; &nbsp; Endreinigung Winter Hochsaison Sommer Winter Zwischensaison Nachsaison Erdgeschoss &nbsp; &nbsp; &nbsp; &nbsp; &nbsp; &nbsp; &nbsp; &nbsp; &nbsp; &nbsp; &nbsp; &nbsp; &nbsp; Marienberg 45m\u00b2 55 Euro 155 Euro\/Nacht 125 Euro\/Nacht 140 Euro\/Nacht 105 Euro\/Nacht 1. Stock &nbsp; &nbsp; &nbsp; &nbsp; &nbsp; &nbsp; Wetterstein 55m\u00b2 65 Euro 175 Euro\/Nacht 145 Euro\/Nacht 155 Euro\/Nacht 125 Euro\/Nacht &hellip; <\/p>\n<p class=\"link-more\"><a href=\"https:\/\/www.holzereck.com\/?page_id=2304&#038;lang=de\" class=\"more-link\">Lees verder <span class=\"screen-reader-text\">&#8220;Preise 2027&#8221;<\/span><\/a><\/p>\n","protected":false},"author":1,"featured_media":0,"parent":0,"menu_order":0,"comment_status":"closed","ping_status":"closed","template":"","meta":{"ngg_post_thumbnail":0,"footnotes":""},"class_list":["post-2304","page","type-page","status-publish","hentry"],"_links":{"self":[{"href":"https:\/\/www.holzereck.com\/index.php?rest_route=\/wp\/v2\/pages\/2304"}],"collection":[{"href":"https:\/\/www.holzereck.com\/index.php?rest_route=\/wp\/v2\/pages"}],"about":[{"href":"https:\/\/www.holzereck.com\/index.php?rest_route=\/wp\/v2\/types\/page"}],"author":[{"embeddable":true,"href":"https:\/\/www.holzereck.com\/index.php?rest_route=\/wp\/v2\/users\/1"}],"replies":[{"embeddable":true,"href":"https:\/\/www.holzereck.com\/index.php?rest_route=%2Fwp%2Fv2%2Fcomments&post=2304"}],"version-history":[{"count":18,"href":"https:\/\/www.holzereck.com\/index.php?rest_route=\/wp\/v2\/pages\/2304\/revisions"}],"predecessor-version":[{"id":7810,"href":"https:\/\/www.holzereck.com\/index.php?rest_route=\/wp\/v2\/pages\/2304\/revisions\/7810"}],"wp:attachment":[{"href":"https:\/\/www.holzereck.com\/index.php?rest_route=%2Fwp%2Fv2%2Fmedia&parent=2304"}],"curies":[{"name":"wp","href":"https:\/\/api.w.org\/{rel}","templated":true}]}}