{"id":2217,"date":"2019-12-19T16:37:55","date_gmt":"2019-12-19T16:37:55","guid":{"rendered":"https:\/\/holzereck.com\/?page_id=2217"},"modified":"2025-04-23T10:06:03","modified_gmt":"2025-04-23T10:06:03","slug":"buchungskonditionen","status":"publish","type":"page","link":"https:\/\/www.holzereck.com\/?page_id=2217&lang=de","title":{"rendered":"Buchungskonditionen"},"content":{"rendered":"<p>Es gilt kein Widerrufsrecht nach&nbsp;<em>\u00a7 18 Abs.&nbsp; 1&nbsp; Z.&nbsp; 10 FAGG, stattdessen gelten die Allgemeinen Gesch\u00e4ftsbedingungen f\u00fcr die Hotellerie <a href=\"https:\/\/www.hotelverband.at\/down\/AGBH_061115.pdf\" target=\"_blank\" rel=\"noopener\">AGBH 2006<\/a>&nbsp;.<\/em><\/p>\n<p><strong>Zahlungsbedingungen:<\/strong><\/p>\n<ul>\n<li>Wir ersuchen um eine Anzahlung in der H\u00f6he von 30%, zahlbar innerhalb 10 Tagen ab Buchungsdatum.<\/li>\n<li>Wir fragen bis sp\u00e4testens einen Monat vor Anreise den Restbetrag zu \u00fcberweisen.<\/li>\n<\/ul>\n<p><strong>Stornierungen:<\/strong><\/p>\n<p><em>Stornierungen sind nur schriftlich g\u00fcltig.<\/em><\/p>\n<ul>\n<li>3 Monate bis 4 Wochen vor Ankunft: 40% der Gesamtkosten.<\/li>\n<li>Zwischen 4 Wochen und 1 Woche vor Anreise: 80% der Gesamtkosten.<\/li>\n<li>Ab 1 Woche vor Anreise: 90% der Gesamtkosten.<\/li>\n<li>Bei Nichtanreise (no show) oder bei vorzeitiger Abreise: 100% der Gesamtkosten.<\/li>\n<\/ul>\n<p><i>Gar nicht so selten kommt es anders als man denkt und der gebuchte Urlaub muss storniert oder vorzeitig abgebrochen werden.<br \/>\nDie damit verbundenen Kosten und den \u00c4rger m\u00f6chten wir Ihnen und uns gerne ersparen.<br \/>\n<\/i><\/p>\n<p>Mit den Hotelstornoversicherungen der Europ\u00e4ischen Reiseversicherung sind Sie bestens gesch\u00fctzt. <a href=\"https:\/\/www.europaeische.at\/pip\/hospl\" target=\"_blank\" rel=\"noopener\">Hier<\/a> finden Sie alle Details.<\/p>\n<p>Wir legen Ihnen den Abschluss der Versicherung (Storno und Reiseabbruch ohne Selbstbehalt) wirklich ans Herz. Sie k\u00f6nnen diese einfach abschlie\u00dfen mit <a href=\"http:\/\/start.europaeische.at\/hsp?AGN=10022816\" target=\"_blank\" rel=\"noopener\">diesem Link.<\/a>&nbsp;<\/p>\n<p><em><span style=\"color: #ff0000;\">Bitte beachten Sie auch, dass wir im Falle von Storno oder Reiseabbruch die vertraglich geschuldeten Stornokosten verrechnen. Wir keine Stornoversicherung abgeschlossen, tragen Sie diese Kosten selbst. <\/span><\/em><\/p>\n","protected":false},"excerpt":{"rendered":"<p>Es gilt kein Widerrufsrecht nach&nbsp;\u00a7 18 Abs.&nbsp; 1&nbsp; Z.&nbsp; 10 FAGG, stattdessen gelten die Allgemeinen Gesch\u00e4ftsbedingungen f\u00fcr die Hotellerie AGBH 2006&nbsp;. Zahlungsbedingungen: Wir ersuchen um eine Anzahlung in der H\u00f6he von 30%, zahlbar innerhalb 10 Tagen ab Buchungsdatum. Wir fragen bis sp\u00e4testens einen Monat vor Anreise den Restbetrag zu \u00fcberweisen. Stornierungen: Stornierungen sind nur schriftlich &hellip; <\/p>\n<p class=\"link-more\"><a href=\"https:\/\/www.holzereck.com\/?page_id=2217&#038;lang=de\" class=\"more-link\">Lees verder <span class=\"screen-reader-text\">&#8220;Buchungskonditionen&#8221;<\/span><\/a><\/p>\n","protected":false},"author":1,"featured_media":0,"parent":0,"menu_order":0,"comment_status":"closed","ping_status":"closed","template":"","meta":{"ngg_post_thumbnail":0,"footnotes":""},"class_list":["post-2217","page","type-page","status-publish","hentry"],"_links":{"self":[{"href":"https:\/\/www.holzereck.com\/index.php?rest_route=\/wp\/v2\/pages\/2217"}],"collection":[{"href":"https:\/\/www.holzereck.com\/index.php?rest_route=\/wp\/v2\/pages"}],"about":[{"href":"https:\/\/www.holzereck.com\/index.php?rest_route=\/wp\/v2\/types\/page"}],"author":[{"embeddable":true,"href":"https:\/\/www.holzereck.com\/index.php?rest_route=\/wp\/v2\/users\/1"}],"replies":[{"embeddable":true,"href":"https:\/\/www.holzereck.com\/index.php?rest_route=%2Fwp%2Fv2%2Fcomments&post=2217"}],"version-history":[{"count":11,"href":"https:\/\/www.holzereck.com\/index.php?rest_route=\/wp\/v2\/pages\/2217\/revisions"}],"predecessor-version":[{"id":7654,"href":"https:\/\/www.holzereck.com\/index.php?rest_route=\/wp\/v2\/pages\/2217\/revisions\/7654"}],"wp:attachment":[{"href":"https:\/\/www.holzereck.com\/index.php?rest_route=%2Fwp%2Fv2%2Fmedia&parent=2217"}],"curies":[{"name":"wp","href":"https:\/\/api.w.org\/{rel}","templated":true}]}}