{"id":2196,"date":"2020-01-23T17:13:48","date_gmt":"2020-01-23T17:13:48","guid":{"rendered":"https:\/\/holzereck.com\/?page_id=2196"},"modified":"2023-08-28T08:44:02","modified_gmt":"2023-08-28T08:44:02","slug":"appartements","status":"publish","type":"page","link":"https:\/\/www.holzereck.com\/?page_id=2196&lang=de","title":{"rendered":"Appartements"},"content":{"rendered":"<p>Wir haben insgesamt 5 gem\u00fctliche Ferienwohnungen, alle mit gro\u00dfe Terrasse oder Balkon.<\/p>\n<p>Die K\u00fcchen in unseren Wohnungen sind komplett ausgestattet mit Geschirr, Besteck, Herd, K\u00fchlschrank, Mikrowelle oder Backofen und Kaffeemaschine.<\/p>\n<p>Br\u00f6tchenservice auf Wunsch.<\/p>\n<p>Alle Appartements sind ausgestattet mit Kabel-TV und kostenloses WLAN.<\/p>\n<p>Bettw\u00e4sche, Handt\u00fccher und K\u00fcchent\u00fccher sind im Preis inbegriffen.<\/p>\n<p>Zu jeder Wohnung geh\u00f6rt ein Parkplatz am Haus.<\/p>\n<p>Haustiere sind nicht erlaubt.<\/p>\n","protected":false},"excerpt":{"rendered":"<p>Wir haben insgesamt 5 gem\u00fctliche Ferienwohnungen, alle mit gro\u00dfe Terrasse oder Balkon. Die K\u00fcchen in unseren Wohnungen sind komplett ausgestattet mit Geschirr, Besteck, Herd, K\u00fchlschrank, Mikrowelle oder Backofen und Kaffeemaschine. Br\u00f6tchenservice auf Wunsch. Alle Appartements sind ausgestattet mit Kabel-TV und kostenloses WLAN. Bettw\u00e4sche, Handt\u00fccher und K\u00fcchent\u00fccher sind im Preis inbegriffen. Zu jeder Wohnung geh\u00f6rt ein &hellip; <\/p>\n<p class=\"link-more\"><a href=\"https:\/\/www.holzereck.com\/?page_id=2196&#038;lang=de\" class=\"more-link\">Lees verder <span class=\"screen-reader-text\">&#8220;Appartements&#8221;<\/span><\/a><\/p>\n","protected":false},"author":1,"featured_media":0,"parent":0,"menu_order":0,"comment_status":"closed","ping_status":"closed","template":"","meta":{"ngg_post_thumbnail":0,"footnotes":""},"class_list":["post-2196","page","type-page","status-publish","hentry"],"_links":{"self":[{"href":"https:\/\/www.holzereck.com\/index.php?rest_route=\/wp\/v2\/pages\/2196"}],"collection":[{"href":"https:\/\/www.holzereck.com\/index.php?rest_route=\/wp\/v2\/pages"}],"about":[{"href":"https:\/\/www.holzereck.com\/index.php?rest_route=\/wp\/v2\/types\/page"}],"author":[{"embeddable":true,"href":"https:\/\/www.holzereck.com\/index.php?rest_route=\/wp\/v2\/users\/1"}],"replies":[{"embeddable":true,"href":"https:\/\/www.holzereck.com\/index.php?rest_route=%2Fwp%2Fv2%2Fcomments&post=2196"}],"version-history":[{"count":2,"href":"https:\/\/www.holzereck.com\/index.php?rest_route=\/wp\/v2\/pages\/2196\/revisions"}],"predecessor-version":[{"id":6595,"href":"https:\/\/www.holzereck.com\/index.php?rest_route=\/wp\/v2\/pages\/2196\/revisions\/6595"}],"wp:attachment":[{"href":"https:\/\/www.holzereck.com\/index.php?rest_route=%2Fwp%2Fv2%2Fmedia&parent=2196"}],"curies":[{"name":"wp","href":"https:\/\/api.w.org\/{rel}","templated":true}]}}